{"id":3230,"date":"2023-12-07T13:11:12","date_gmt":"2023-12-07T12:11:12","guid":{"rendered":"https:\/\/herojimostara.ba\/?page_id=3230"},"modified":"2023-12-08T22:05:50","modified_gmt":"2023-12-08T21:05:50","slug":"kupi-knjigu","status":"publish","type":"page","link":"https:\/\/herojimostara.ba\/?page_id=3230","title":{"rendered":"Kupi knjigu!"},"content":{"rendered":"\t\t<div data-elementor-type=\"wp-page\" data-elementor-id=\"3230\" class=\"elementor elementor-3230\" data-elementor-settings=\"{&quot;ha_cmc_init_switcher&quot;:&quot;no&quot;}\">\n\t\t\t\t\t\t<section class=\"elementor-section elementor-top-section elementor-element elementor-element-632b4f4 elementor-section-boxed elementor-section-height-default elementor-section-height-default wpr-particle-no wpr-jarallax-no wpr-parallax-no wpr-sticky-section-no wpr-equal-height-no\" data-id=\"632b4f4\" data-element_type=\"section\" data-e-type=\"section\" data-settings=\"{&quot;_ha_eqh_enable&quot;:false}\">\n\t\t\t\t\t\t<div class=\"elementor-container elementor-column-gap-default\">\n\t\t\t\t\t<div class=\"elementor-column elementor-col-100 elementor-top-column elementor-element elementor-element-e9adc51\" data-id=\"e9adc51\" data-element_type=\"column\" data-e-type=\"column\">\n\t\t\t<div class=\"elementor-widget-wrap elementor-element-populated\">\n\t\t\t\t\t\t<div class=\"elementor-element elementor-element-19dd4ea elementor-widget elementor-widget-text-editor\" data-id=\"19dd4ea\" data-element_type=\"widget\" data-e-type=\"widget\" data-widget_type=\"text-editor.default\">\n\t\t\t\t<div class=\"elementor-widget-container\">\n\t\t\t\t\t\t\t\t\t<p>\u017delim naru\u010diti knjigu &#8220;Heroji Mostara&#8221; po cijeni od 65 konvertibilnih maraka sa uklju\u010denom po\u0161tarinom.<br><\/p>\t\t\t\t\t\t\t\t<\/div>\n\t\t\t\t<\/div>\n\t\t\t\t<div class=\"elementor-element elementor-element-8848093 elementor-widget elementor-widget-shortcode\" data-id=\"8848093\" data-element_type=\"widget\" data-e-type=\"widget\" data-widget_type=\"shortcode.default\">\n\t\t\t\t<div class=\"elementor-widget-container\">\n\t\t\t\t\t\t\t<div class=\"elementor-shortcode\"><\/div>\n\t\t\t\t\t\t<\/div>\n\t\t\t\t<\/div>\n\t\t\t\t<div class=\"elementor-element elementor-element-fa72969 elementor-widget elementor-widget-text-editor\" data-id=\"fa72969\" data-element_type=\"widget\" data-e-type=\"widget\" data-widget_type=\"text-editor.default\">\n\t\t\t\t<div class=\"elementor-widget-container\">\n\t\t\t\t\t\t\t\t\t<span style=\"color:red\">Napomena:<\/span> Ponuda se odnosi samo za teritoriju BiH.\t\t\t\t\t\t\t\t<\/div>\n\t\t\t\t<\/div>\n\t\t\t\t\t<\/div>\n\t\t<\/div>\n\t\t\t\t\t<\/div>\n\t\t<\/section>\n\t\t\t\t<\/div>\n\t\t","protected":false},"excerpt":{"rendered":"<p>\u017delim naru\u010diti knjigu &#8220;Heroji Mostara&#8221; po cijeni od 65 konvertibilnih maraka sa uklju\u010denom po\u0161tarinom. Napomena: Ponuda se odnosi samo za teritoriju BiH.<\/p>\n","protected":false},"author":4,"featured_media":2504,"parent":0,"menu_order":0,"comment_status":"closed","ping_status":"closed","template":"","meta":{"footnotes":""},"class_list":["post-3230","page","type-page","status-publish","has-post-thumbnail","hentry"],"aioseo_notices":[],"_links":{"self":[{"href":"https:\/\/herojimostara.ba\/index.php?rest_route=\/wp\/v2\/pages\/3230","targetHints":{"allow":["GET"]}}],"collection":[{"href":"https:\/\/herojimostara.ba\/index.php?rest_route=\/wp\/v2\/pages"}],"about":[{"href":"https:\/\/herojimostara.ba\/index.php?rest_route=\/wp\/v2\/types\/page"}],"author":[{"embeddable":true,"href":"https:\/\/herojimostara.ba\/index.php?rest_route=\/wp\/v2\/users\/4"}],"replies":[{"embeddable":true,"href":"https:\/\/herojimostara.ba\/index.php?rest_route=%2Fwp%2Fv2%2Fcomments&post=3230"}],"version-history":[{"count":33,"href":"https:\/\/herojimostara.ba\/index.php?rest_route=\/wp\/v2\/pages\/3230\/revisions"}],"predecessor-version":[{"id":3277,"href":"https:\/\/herojimostara.ba\/index.php?rest_route=\/wp\/v2\/pages\/3230\/revisions\/3277"}],"wp:featuredmedia":[{"embeddable":true,"href":"https:\/\/herojimostara.ba\/index.php?rest_route=\/wp\/v2\/media\/2504"}],"wp:attachment":[{"href":"https:\/\/herojimostara.ba\/index.php?rest_route=%2Fwp%2Fv2%2Fmedia&parent=3230"}],"curies":[{"name":"wp","href":"https:\/\/api.w.org\/{rel}","templated":true}]}}