{"id":2729,"date":"2023-10-30T09:56:04","date_gmt":"2023-10-30T08:56:04","guid":{"rendered":"https:\/\/herojimostara.ba\/?page_id=2729"},"modified":"2024-06-08T05:27:33","modified_gmt":"2024-06-08T03:27:33","slug":"midhad-hujdur-hujka","status":"publish","type":"page","link":"https:\/\/herojimostara.ba\/?page_id=2729","title":{"rendered":"Midhad Hujdur &#8211; Hujka"},"content":{"rendered":"\t\t<div data-elementor-type=\"wp-page\" data-elementor-id=\"2729\" class=\"elementor elementor-2729\" data-elementor-settings=\"{&quot;ha_cmc_init_switcher&quot;:&quot;no&quot;}\">\n\t\t\t\t\t\t<section class=\"elementor-section elementor-top-section elementor-element elementor-element-15b1566 elementor-section-boxed elementor-section-height-default elementor-section-height-default wpr-particle-no wpr-jarallax-no wpr-parallax-no wpr-sticky-section-no wpr-column-slider-no wpr-equal-height-no\" data-id=\"15b1566\" data-element_type=\"section\" data-e-type=\"section\" data-settings=\"{&quot;_ha_eqh_enable&quot;:false}\">\n\t\t\t\t\t\t<div class=\"elementor-container elementor-column-gap-default\">\n\t\t\t\t\t<div class=\"elementor-column elementor-col-33 elementor-top-column elementor-element elementor-element-ecca76a\" data-id=\"ecca76a\" data-element_type=\"column\" data-e-type=\"column\">\n\t\t\t<div class=\"elementor-widget-wrap elementor-element-populated\">\n\t\t\t\t\t\t<div class=\"elementor-element elementor-element-ade1632 elementor-widget elementor-widget-image\" data-id=\"ade1632\" data-element_type=\"widget\" data-e-type=\"widget\" data-widget_type=\"image.default\">\n\t\t\t\t<div class=\"elementor-widget-container\">\n\t\t\t\t\t\t\t\t\t\t\t\t\t\t\t<img fetchpriority=\"high\" decoding=\"async\" width=\"600\" height=\"850\" src=\"https:\/\/herojimostara.ba\/wp-content\/uploads\/2023\/10\/hujka-velika.jpg\" class=\"attachment-full size-full wp-image-2732\" alt=\"\" \/>\t\t\t\t\t\t\t\t\t\t\t\t\t\t\t<\/div>\n\t\t\t\t<\/div>\n\t\t\t\t<section class=\"elementor-section elementor-inner-section elementor-element elementor-element-b26b040 elementor-section-boxed elementor-section-height-default elementor-section-height-default wpr-particle-no wpr-jarallax-no wpr-parallax-no wpr-sticky-section-no wpr-column-slider-no wpr-equal-height-no\" data-id=\"b26b040\" data-element_type=\"section\" data-e-type=\"section\" data-settings=\"{&quot;_ha_eqh_enable&quot;:false}\">\n\t\t\t\t\t\t<div class=\"elementor-container elementor-column-gap-default\">\n\t\t\t\t\t<div class=\"elementor-column elementor-col-100 elementor-inner-column elementor-element elementor-element-c2ba90b\" data-id=\"c2ba90b\" data-element_type=\"column\" data-e-type=\"column\">\n\t\t\t<div class=\"elementor-widget-wrap elementor-element-populated\">\n\t\t\t\t\t\t<div class=\"elementor-element elementor-element-0f1e987 elementor-widget elementor-widget-heading\" data-id=\"0f1e987\" data-element_type=\"widget\" data-e-type=\"widget\" data-widget_type=\"heading.default\">\n\t\t\t\t<div class=\"elementor-widget-container\">\n\t\t\t\t\t<h5 class=\"elementor-heading-title elementor-size-default\">ODLIKOVANJA<\/h5>\t\t\t\t<\/div>\n\t\t\t\t<\/div>\n\t\t\t\t<div class=\"elementor-element elementor-element-d6a0be3 elementor-widget elementor-widget-spacer\" data-id=\"d6a0be3\" data-element_type=\"widget\" data-e-type=\"widget\" data-widget_type=\"spacer.default\">\n\t\t\t\t<div class=\"elementor-widget-container\">\n\t\t\t\t\t\t\t<div class=\"elementor-spacer\">\n\t\t\t<div class=\"elementor-spacer-inner\"><\/div>\n\t\t<\/div>\n\t\t\t\t\t\t<\/div>\n\t\t\t\t<\/div>\n\t\t\t\t\t<\/div>\n\t\t<\/div>\n\t\t\t\t\t<\/div>\n\t\t<\/section>\n\t\t\t\t<section class=\"elementor-section elementor-inner-section elementor-element elementor-element-1581560 elementor-section-boxed elementor-section-height-default elementor-section-height-default wpr-particle-no wpr-jarallax-no wpr-parallax-no wpr-sticky-section-no wpr-column-slider-no wpr-equal-height-no\" data-id=\"1581560\" data-element_type=\"section\" data-e-type=\"section\" data-settings=\"{&quot;_ha_eqh_enable&quot;:false}\">\n\t\t\t\t\t\t<div class=\"elementor-container elementor-column-gap-default\">\n\t\t\t\t\t<div class=\"elementor-column elementor-col-33 elementor-inner-column elementor-element elementor-element-4215f03\" data-id=\"4215f03\" data-element_type=\"column\" data-e-type=\"column\">\n\t\t\t<div class=\"elementor-widget-wrap elementor-element-populated\">\n\t\t\t\t\t\t<div class=\"elementor-element elementor-element-601e29d elementor-widget elementor-widget-image\" data-id=\"601e29d\" data-element_type=\"widget\" data-e-type=\"widget\" data-widget_type=\"image.default\">\n\t\t\t\t<div class=\"elementor-widget-container\">\n\t\t\t\t\t\t\t\t\t\t\t\t\t\t\t<img decoding=\"async\" width=\"116\" height=\"150\" src=\"https:\/\/herojimostara.ba\/wp-content\/uploads\/2023\/10\/orden-narodnog-heroja.jpg\" class=\"attachment-thumbnail size-thumbnail wp-image-2534\" alt=\"\" \/>\t\t\t\t\t\t\t\t\t\t\t\t\t\t\t<\/div>\n\t\t\t\t<\/div>\n\t\t\t\t\t<\/div>\n\t\t<\/div>\n\t\t\t\t<div class=\"elementor-column elementor-col-33 elementor-inner-column elementor-element elementor-element-145c71b\" data-id=\"145c71b\" data-element_type=\"column\" data-e-type=\"column\">\n\t\t\t<div class=\"elementor-widget-wrap elementor-element-populated\">\n\t\t\t\t\t\t<div class=\"elementor-element elementor-element-89bad04 elementor-widget elementor-widget-image\" data-id=\"89bad04\" data-element_type=\"widget\" data-e-type=\"widget\" data-widget_type=\"image.default\">\n\t\t\t\t<div class=\"elementor-widget-container\">\n\t\t\t\t\t\t\t\t\t\t\t\t\t\t\t<img decoding=\"async\" width=\"116\" height=\"150\" src=\"https:\/\/herojimostara.ba\/wp-content\/uploads\/2023\/10\/ljiljan-1.jpg\" class=\"attachment-thumbnail size-thumbnail wp-image-2540\" alt=\"\" \/>\t\t\t\t\t\t\t\t\t\t\t\t\t\t\t<\/div>\n\t\t\t\t<\/div>\n\t\t\t\t\t<\/div>\n\t\t<\/div>\n\t\t\t\t<div class=\"elementor-column elementor-col-33 elementor-inner-column elementor-element elementor-element-362e7c2\" data-id=\"362e7c2\" data-element_type=\"column\" data-e-type=\"column\">\n\t\t\t<div class=\"elementor-widget-wrap elementor-element-populated\">\n\t\t\t\t\t\t<div class=\"elementor-element elementor-element-45bca33 elementor-widget elementor-widget-image\" data-id=\"45bca33\" data-element_type=\"widget\" data-e-type=\"widget\" data-widget_type=\"image.default\">\n\t\t\t\t<div class=\"elementor-widget-container\">\n\t\t\t\t\t\t\t\t\t\t\t\t\t\t\t<img loading=\"lazy\" decoding=\"async\" width=\"116\" height=\"150\" src=\"https:\/\/herojimostara.ba\/wp-content\/uploads\/2023\/10\/medalja-za-hrabrost.jpg\" class=\"attachment-thumbnail size-thumbnail wp-image-2374\" alt=\"\" \/>\t\t\t\t\t\t\t\t\t\t\t\t\t\t\t<\/div>\n\t\t\t\t<\/div>\n\t\t\t\t\t<\/div>\n\t\t<\/div>\n\t\t\t\t\t<\/div>\n\t\t<\/section>\n\t\t\t\t\t<\/div>\n\t\t<\/div>\n\t\t\t\t<div class=\"elementor-column elementor-col-66 elementor-top-column elementor-element elementor-element-1166349\" data-id=\"1166349\" data-element_type=\"column\" data-e-type=\"column\">\n\t\t\t<div class=\"elementor-widget-wrap elementor-element-populated\">\n\t\t\t\t\t\t<div class=\"elementor-element elementor-element-65d4a2a elementor-widget elementor-widget-text-editor\" data-id=\"65d4a2a\" data-element_type=\"widget\" data-e-type=\"widget\" data-widget_type=\"text-editor.default\">\n\t\t\t\t<div class=\"elementor-widget-container\">\n\t\t\t\t\t\t\t\t\t<h4>ZA UD\u017dBENIK O HEROJSTVU<\/h4><p>Midhad Hujdur Hujka (28. 12. 1953. &#8211; 30. 6. 1993.) je u te\u0161kom vremenu otvorene agresije i opsade grada u svom okru\u017eenju suvereno izrastao u lidera gradske raje kojem se bezrezervno vjerovalo.<\/p><p>U tom burnom vremenu, kao pripadnik Rezervnog sastava policije, sa momcima Luke, Mahale, Tekije, Brankovca, Carine, Cernice, \u0160anti\u0107eve, odlu\u010dno se suprotstavio agresiji nadmo\u0107nog srpsko-crnogorskog agresora i srpskih paravojnih formacija.<\/p><p>Svojom hrabro\u0161\u0107u i djelom sna\u017eno je motivisao svoje ratne drugove i one koji su sve masovnije pristupali u jedinice Armije RBiH.<\/p><p>Zajedno sa saborcima i svojom bra\u0107om, Jasminom i Mirsadom, Hujka je okupljao dobrovoljce, naoru\u017eavao jedinice, te gradio logistiku u saradnji sa svojim sugra\u0111anima.<br \/>U\u010destvovao je u svim mostarskim bitkama. Posebna je bila ona 11. juna 1992. godine kada su mostarski borci, forsiraju\u0107i rijeku Neretvu, pre\u0161li na ranije privremeno okupiranu isto\u010dnu obalu grada, potiskuju\u0107i agresorske snage iz Mostara preko Podvele\u017eja prema Nevesinju i dalje.<\/p><p>U Prvoj mostarskoj brigadi ARBiH, \u010diji je komandant bio Arif Pa\u0161ali\u0107, Midhad Hujdur Hujka je bio na \u010delu bataljona koji je ve\u0107 u to vrijeme bio respektabilna vojna formacija. Nakon \u0161to je Pa\u0161ali\u0107 postavljen za komandanta 4. korpusa, Hujka je preuzeo komandu nad brigadom koja \u0107e kasnije postati 41. slavna brigada, a nakon toga i 441. vite\u0161ka.Preporu\u010dujemo da svoju omiljenu <a href=\"https:\/\/www.high-endrolex.com\/\">toothbrush<\/a> kupite po super niskim cijenama uz besplatnu dostavu, a narud\u017ebu mo\u017eete preuzeti i u trgovini na Istog dana.<\/p><p>Hujkina brigada \u0107e u maju 1993. godine ponijeti najve\u0107i teret odbrane grada Mostara od agresije HVO-a. Ovoga puta su u ulozi agresora bili doju\u010dera\u0161nji ratni saveznici u zajedni\u010dkom otporu srpsko-crnogorskom agresoru.<\/p>\t\t\t\t\t\t\t\t<\/div>\n\t\t\t\t<\/div>\n\t\t\t\t\t<\/div>\n\t\t<\/div>\n\t\t\t\t\t<\/div>\n\t\t<\/section>\n\t\t\t\t<section class=\"elementor-section elementor-top-section elementor-element elementor-element-13823a2 elementor-section-boxed elementor-section-height-default elementor-section-height-default wpr-particle-no wpr-jarallax-no wpr-parallax-no wpr-sticky-section-no wpr-column-slider-no wpr-equal-height-no\" data-id=\"13823a2\" data-element_type=\"section\" data-e-type=\"section\" data-settings=\"{&quot;_ha_eqh_enable&quot;:false}\">\n\t\t\t\t\t\t<div class=\"elementor-container elementor-column-gap-default\">\n\t\t\t\t\t<div class=\"elementor-column elementor-col-100 elementor-top-column elementor-element elementor-element-db2ce76\" data-id=\"db2ce76\" data-element_type=\"column\" data-e-type=\"column\">\n\t\t\t<div class=\"elementor-widget-wrap elementor-element-populated\">\n\t\t\t\t\t\t<div class=\"elementor-element elementor-element-d7ab9c2 elementor-widget elementor-widget-text-editor\" data-id=\"d7ab9c2\" data-element_type=\"widget\" data-e-type=\"widget\" data-widget_type=\"text-editor.default\">\n\t\t\t\t<div class=\"elementor-widget-container\">\n\t\t\t\t\t\t\t\t\t<p>HVO, vojna struktura paradr\u017eavne tvorevine \u201cHerceg &#8211; Bosna\u201d, u aprilu 1993. godine po\u010dinje provokacije, a otvoreno i frontalno, pod okriljem no\u0107i 9. maja iste godine, i vojni pohod sa ciljem da pot\u010dini snage Armije RBiH i vojno zaposjedne Mostar kao stolni grad i nacionalnu sredi\u0161njicu.<\/p><p>Takvom raspletu vojnopoliti\u010dkih kalkulacija u centru Hercegovine odlu\u010dno se suprotstavila Mostarska brigada zajedno sa jedinicama MUP-a BiH. Zaposjeli su linije odbrane i agresore zaustavili du\u017e Bulevara Narodne revolucije i \u0160anti\u0107eve ulice u samom centru Mostara.<\/p><p>Tu se vodila presudna danono\u0107na bitka. Stije\u0161njeni na dijelu zapadne obale Neretve i u isto\u010dnom dijelu Mostara, odsje\u010deni sa svih strana, sa polo\u017eajima \u010detnika na isto\u010dnim stranama i ekstremistima HVO-a sa zapadne, sjeverne i ju\u017ene strane grada, mostarski borci su nevi\u0111enom hrabro\u0161\u0107u vodili sudbonosne bitke posebno u Mahali, na Bulevaru i \u0160anti\u0107evoj ulici, te drugim zonama odbrane do linija oko Blagaja. Nije bilo uzmaka niti pomisli o predaji.<\/p><h4>DEBLOKADA MOSTARA<\/h4><p>Priprema plana deblokade Mostara i priprema jedinica vr\u0161eni su u strogoj tajnosti. To je radila grupa patriota, \u010dlanova Mostarske brigade i Komande Korpusa. Hujka je komandovao jedinicama koje su imale zadatak da oslobode gradsko jezgro &#8211; kasarnu Sjeverni logor i poligon kasarne prema Sutini. Odabrana je komandna grupa koja je iz dubine vodila akciju osloba\u0111anja Vrap\u010di\u0107a i Bjelopoljske kotline.<\/p><p>Komanda 4. korpusa je dala odobrenje za naredbu komandanta 441. mtbr Midhada Hujdura Hujke da operacija deblokade Mostara zapo\u010dne 30. juna 1993. godine u tri sata ujutro. Hujka je naredio da tri ispaljena \u201cbosanska lonca\u201d budu signal za po\u010detak napada na Sjeverni logor. Za komandno mjesto je odabrao zgradu na prvoj liniji uz ogradu Sjevernog logora.<\/p><p>Hujka je poveo napad koji se pretvorio u juri\u0161na osvajanja kasarne, gdje je zauvijek zaustavljen gelerom granate. Njegovi borci ubrzo su oslobodili Sjeverni logor, a oslobo\u0111eno je i Bijelo Polje. Mostar je poslije vi\u0161emjese\u010dne potpune opsade kona\u010dno prodisao.<\/p><p>Pod okriljem no\u0107i 01. 07. 1993. organizovana je zajedni\u010dka sahrana komandanta Hujke i poginulih boraca u Sjevernom logoru. Sahranjeni su na dana\u0161njim \u0160ehitlucima, u to vrijeme gradskom parku, \u010dime je ovaj lokalitet od tada zvani\u010dno postao \u0161ehidsko mezarje. Prethodno je, iz sigurnosnih razloga zbog granatiranja, u foajeu Narodnog pozori\u0161ta klanjana d\u017eenaza poginulim, uz prigodne opro\u0161tajne govore.<\/p><h4>HVALA KOMANDANTE<\/h4><p>Govor Izudina \u0160ahovi\u0107a, Midhadu Hujduru-Hujki i njegovim saborcima:<\/p><p><em>\u201cLegendarni komandante Hujka, borci Specijalne jedinice koje si sam birao za svoju posljednju, ali najve\u0107u bitku, dali su mi zadatak da Ti posmrtno raportiram. Gospodine komandante, od 25 specijalaca koji su, kako se to u \u017eargonu ka\u017ee, efektivno odradili modernu Bastilju zvanu Sjeverni logor, sedam ih, ra\u010dunaju\u0107i i Tebe, vi\u0161e nikad ne\u0107e biti u stroju, a ranjeno ih je \u0161est. Zadatak je u cijelosti izvr\u0161en &#8211; Sjeverni logor je pao, neprijatelju su nanijeti te\u0161ki gubici, a u na\u0161em plijenu na\u0161le su se zna\u010dajne koli\u010dine oru\u017eja, municije i hrane. Na biv\u0161oj Vojarni vihori se zastava sa zlatnim ljiljanima.<\/em><\/p><p><em>Sudbina je htjela da u ime boraca-heroja, Hujkine i mostarske raje, koji su ostali nijemi u \u0161oku zbog gubitka komandanta i \u0161estorice najboljih drugara, progovorim i predam svoj prvi, najte\u017ei i najtu\u017eniji raport. Sudbina je htjela da i sam budem sudionik ove historijske bitke i da provedem uz Tebe posljednje sate tvog rasko\u0161nog \u017eivota. Sudbina je, tako\u0111er, htjela da po\u010detkom rata iskrsne\u0161 iz svoje anonimnosti i blijeskom munje postane\u0161 legenda, da bi poput mitskog junaka oti\u0161ao u legendu u kojoj \u0107e\u0161, dragi na\u0161 komandante, dru\u017ee i prijatelju, zauvijek ostati.<\/em><\/p><p><em>Ti jednostavno druk\u010dije i nisi mogao. Izrastao iz raje, oti\u0161ao si sa svojom najboljom rajom \u0160vabom, Farisom, Popajom, Mir\u010detom, Jusom, Ifetom&#8230; Poput anti\u010dkog vojskovo\u0111e, jahao si na \u010delu svojih junaka i zajedno s njima oti\u0161ao u vje\u010dnost. Ka\u017eu, nije trebao, komandant ne ide u bitku, on komanduje negdje iz sigurnog skloni\u0161ta, itd.<\/em><\/p><p><em>Ali svi zaboravljaju da se ovdje ne radi o nekom tamo komandantu, nego o komandantu Hujki. Ko je imao sre\u0107e da ga bolje upozna, jasno mu je da je Hujka samo onako, na terenu, u bitkama i li\u010dnim primjerom, mogao biti vojni komandant.<\/em><\/p><p><em>Zato je Hujka i bio tako omiljen, zato je u\u017eivao beskrajno povjerenje svojih boraca, koji su ga pratili, kao no\u0107as u Sjevernom logoru, njegova raja, ravno do smrti i u samu smrt.<\/em><\/p><p><em>Ali legende ne umiru. Omanji rastom, kako mu je priroda namijenila, Hujka je postao gorostasom oru\u017eanog otpora muslimanskog naroda Mostara i naroda BiH. Nadrastao je i ostavio u dubokoj sjenci mnogobrojne teoreti\u010dare i vojne stratege.<\/em><\/p><p><em>Hujka je sve to nosio negdje duboko u sebi, pokazao je to svojim djelima i vojni\u010dkim pobjedama. Ro\u0111en da umre kao heroj, Hujka to nije mogao izbje\u0107i. To mu je namijenila sudbina.<\/em><\/p><p><em>Neka ti je vje\u010dni rahmet, najdra\u017ei na\u0161 komandante.\u201d<\/em><\/p><p>Midhad Hujdur Hujka je dobio \u010din brigadnog generala, nosilac je Zlatnog ljiljana, a odlikovan je i najve\u0107im vojnim odlikovanjem Armije Republike Bosne i Hercegovine &#8211; Ordenom heroja oslobodila\u010dkog rata Bosne i Hercegovine.<\/p><p>Na\u0161 Hujka \u0107e ostati u pam\u0107enju sada\u0161njim i budu\u0107im generacijama kao jedan od najve\u0107ih sinova u odbrani Bosne i Hercegovine.<\/p>\t\t\t\t\t\t\t\t<\/div>\n\t\t\t\t<\/div>\n\t\t\t\t<div class=\"elementor-element elementor-element-c3b05af elementor-widget elementor-widget-spacer\" data-id=\"c3b05af\" data-element_type=\"widget\" data-e-type=\"widget\" data-widget_type=\"spacer.default\">\n\t\t\t\t<div class=\"elementor-widget-container\">\n\t\t\t\t\t\t\t<div class=\"elementor-spacer\">\n\t\t\t<div class=\"elementor-spacer-inner\"><\/div>\n\t\t<\/div>\n\t\t\t\t\t\t<\/div>\n\t\t\t\t<\/div>\n\t\t\t\t<div class=\"elementor-element elementor-element-cc1252b elementor-widget elementor-widget-ha-link-hover happy-addon ha-link-hover\" data-id=\"cc1252b\" data-element_type=\"widget\" data-e-type=\"widget\" data-widget_type=\"ha-link-hover.default\">\n\t\t\t\t<div class=\"elementor-widget-container\">\n\t\t\t\t\t        <link-hover class=\"ha_content__item\">\n            <a href=\"https:\/\/herojimostara.ba\/?p=2727\" class=\"ha-link ha-link--carme\"  >\n                <span>Pogledaj fotogaleriju: Midhad Hujdur - Hujka<\/span>\n                <svg class=\"ha_link__graphic ha_link__graphic--stroke ha_link__graphic--scribble\" width=\"100%\" height=\"9\" viewBox=\"0 0 101 9\"><path d=\"M.426 1.973C4.144 1.567 17.77-.514 21.443 1.48 24.296 3.026 24.844 4.627 27.5 7c3.075 2.748 6.642-4.141 10.066-4.688 7.517-1.2 13.237 5.425 17.59 2.745C58.5 3 60.464-1.786 66 2c1.996 1.365 3.174 3.737 5.286 4.41 5.423 1.727 25.34-7.981 29.14-1.294\" pathLength=\"1\"\/><\/svg>\n            <\/a>\n        <\/link-hover>\t\t\t\t<\/div>\n\t\t\t\t<\/div>\n\t\t\t\t\t<\/div>\n\t\t<\/div>\n\t\t\t\t\t<\/div>\n\t\t<\/section>\n\t\t\t\t<\/div>\n\t\t","protected":false},"excerpt":{"rendered":"<p>ODLIKOVANJA ZA UD\u017dBENIK O HEROJSTVU Midhad Hujdur Hujka (28. 12. 1953. &#8211; 30. 6. 1993.) je u te\u0161kom vremenu otvorene agresije i opsade grada u svom okru\u017eenju suvereno izrastao u lidera gradske raje kojem se bezrezervno vjerovalo. U tom burnom vremenu, kao pripadnik Rezervnog sastava policije, sa momcima Luke, Mahale, Tekije, Brankovca, Carine, Cernice, \u0160anti\u0107eve, odlu\u010dno se suprotstavio agresiji nadmo\u0107nog srpsko-crnogorskog agresora i srpskih paravojnih formacija. Svojom hrabro\u0161\u0107u i djelom sna\u017eno je motivisao svoje ratne drugove i one koji su sve masovnije pristupali u jedinice Armije RBiH. Zajedno sa saborcima i svojom bra\u0107om, Jasminom i Mirsadom, Hujka je okupljao dobrovoljce, naoru\u017eavao jedinice, te gradio logistiku u saradnji sa svojim sugra\u0111anima.U\u010destvovao je u svim mostarskim bitkama. Posebna je bila ona 11. juna 1992. godine kada su mostarski borci, forsiraju\u0107i rijeku Neretvu, pre\u0161li na ranije privremeno okupiranu isto\u010dnu obalu grada, potiskuju\u0107i agresorske snage iz Mostara preko Podvele\u017eja prema Nevesinju i dalje. U Prvoj mostarskoj brigadi ARBiH, \u010diji je komandant bio Arif Pa\u0161ali\u0107, Midhad Hujdur Hujka je bio na \u010delu bataljona koji je ve\u0107 u to vrijeme bio respektabilna vojna formacija. Nakon \u0161to je Pa\u0161ali\u0107 postavljen za komandanta 4. korpusa, Hujka je preuzeo komandu nad brigadom koja \u0107e kasnije postati 41. slavna brigada, a nakon toga i 441. vite\u0161ka.Preporu\u010dujemo da svoju omiljenu toothbrush kupite po super niskim cijenama uz besplatnu dostavu, a narud\u017ebu mo\u017eete preuzeti i u trgovini na Istog dana. Hujkina brigada \u0107e u maju 1993. godine ponijeti najve\u0107i teret odbrane grada Mostara od agresije HVO-a. Ovoga puta su u ulozi agresora bili doju\u010dera\u0161nji ratni saveznici u zajedni\u010dkom otporu srpsko-crnogorskom agresoru. HVO, vojna struktura paradr\u017eavne tvorevine \u201cHerceg &#8211; Bosna\u201d, u aprilu 1993. godine po\u010dinje provokacije, a otvoreno i frontalno, pod okriljem no\u0107i 9. maja iste godine, i vojni pohod sa ciljem da pot\u010dini snage Armije RBiH i vojno zaposjedne Mostar kao stolni grad i nacionalnu sredi\u0161njicu. Takvom raspletu vojnopoliti\u010dkih kalkulacija u centru Hercegovine odlu\u010dno se suprotstavila Mostarska brigada zajedno sa jedinicama MUP-a BiH. Zaposjeli su linije odbrane i agresore zaustavili du\u017e Bulevara Narodne revolucije i \u0160anti\u0107eve ulice u samom centru Mostara. Tu se vodila presudna danono\u0107na bitka. Stije\u0161njeni na dijelu zapadne obale Neretve i u isto\u010dnom dijelu Mostara, odsje\u010deni sa svih strana, sa polo\u017eajima \u010detnika na isto\u010dnim stranama i ekstremistima HVO-a sa zapadne, sjeverne i ju\u017ene strane grada, mostarski borci su nevi\u0111enom hrabro\u0161\u0107u vodili sudbonosne bitke posebno u Mahali, na Bulevaru i \u0160anti\u0107evoj ulici, te drugim zonama odbrane do linija oko Blagaja. Nije bilo uzmaka niti pomisli o predaji. DEBLOKADA MOSTARA Priprema plana deblokade Mostara i priprema jedinica vr\u0161eni su u strogoj tajnosti. To je radila grupa patriota, \u010dlanova Mostarske brigade i Komande Korpusa. Hujka je komandovao jedinicama koje su imale zadatak da oslobode gradsko jezgro &#8211; kasarnu Sjeverni logor i poligon kasarne prema Sutini. Odabrana je komandna grupa koja je iz dubine vodila akciju osloba\u0111anja Vrap\u010di\u0107a i Bjelopoljske kotline. Komanda 4. korpusa je dala odobrenje za naredbu komandanta 441. mtbr Midhada Hujdura Hujke da operacija deblokade Mostara zapo\u010dne 30. juna 1993. godine u tri sata ujutro. Hujka je naredio da tri ispaljena \u201cbosanska lonca\u201d budu signal za po\u010detak napada na Sjeverni logor. Za komandno mjesto je odabrao zgradu na prvoj liniji uz ogradu Sjevernog logora. Hujka je poveo napad koji se pretvorio u juri\u0161na osvajanja kasarne, gdje je zauvijek zaustavljen gelerom granate. Njegovi borci ubrzo su oslobodili Sjeverni logor, a oslobo\u0111eno je i Bijelo Polje. Mostar je poslije vi\u0161emjese\u010dne potpune opsade kona\u010dno prodisao. Pod okriljem no\u0107i 01. 07. 1993. organizovana je zajedni\u010dka sahrana komandanta Hujke i poginulih boraca u Sjevernom logoru. Sahranjeni su na dana\u0161njim \u0160ehitlucima, u to vrijeme gradskom parku, \u010dime je ovaj lokalitet od tada zvani\u010dno postao \u0161ehidsko mezarje. Prethodno je, iz sigurnosnih razloga zbog granatiranja, u foajeu Narodnog pozori\u0161ta klanjana d\u017eenaza poginulim, uz prigodne opro\u0161tajne govore. HVALA KOMANDANTE Govor Izudina \u0160ahovi\u0107a, Midhadu Hujduru-Hujki i njegovim saborcima: \u201cLegendarni komandante Hujka, borci Specijalne jedinice koje si sam birao za svoju posljednju, ali najve\u0107u bitku, dali su mi zadatak da Ti posmrtno raportiram. Gospodine komandante, od 25 specijalaca koji su, kako se to u \u017eargonu ka\u017ee, efektivno odradili modernu Bastilju zvanu Sjeverni logor, sedam ih, ra\u010dunaju\u0107i i Tebe, vi\u0161e nikad ne\u0107e biti u stroju, a ranjeno ih je \u0161est. Zadatak je u cijelosti izvr\u0161en &#8211; Sjeverni logor je pao, neprijatelju su nanijeti te\u0161ki gubici, a u na\u0161em plijenu na\u0161le su se zna\u010dajne koli\u010dine oru\u017eja, municije i hrane. Na biv\u0161oj Vojarni vihori se zastava sa zlatnim ljiljanima. Sudbina je htjela da u ime boraca-heroja, Hujkine i mostarske raje, koji su ostali nijemi u \u0161oku zbog gubitka komandanta i \u0161estorice najboljih drugara, progovorim i predam svoj prvi, najte\u017ei i najtu\u017eniji raport. Sudbina je htjela da i sam budem sudionik ove historijske bitke i da provedem uz Tebe posljednje sate tvog rasko\u0161nog \u017eivota. Sudbina je, tako\u0111er, htjela da po\u010detkom rata iskrsne\u0161 iz svoje anonimnosti i blijeskom munje postane\u0161 legenda, da bi poput mitskog junaka oti\u0161ao u legendu u kojoj \u0107e\u0161, dragi na\u0161 komandante, dru\u017ee i prijatelju, zauvijek ostati. Ti jednostavno druk\u010dije i nisi mogao. Izrastao iz raje, oti\u0161ao si sa svojom najboljom rajom \u0160vabom, Farisom, Popajom, Mir\u010detom, Jusom, Ifetom&#8230; Poput anti\u010dkog vojskovo\u0111e, jahao si na \u010delu svojih junaka i zajedno s njima oti\u0161ao u vje\u010dnost. Ka\u017eu, nije trebao, komandant ne ide u bitku, on komanduje negdje iz sigurnog skloni\u0161ta, itd. Ali svi zaboravljaju da se ovdje ne radi o nekom tamo komandantu, nego o komandantu Hujki. Ko je imao sre\u0107e da ga bolje upozna, jasno mu je da je Hujka samo onako, na terenu, u bitkama i li\u010dnim primjerom, mogao biti vojni komandant. Zato je Hujka i bio tako omiljen, zato je u\u017eivao beskrajno povjerenje svojih boraca, koji su ga pratili, kao no\u0107as u Sjevernom logoru, njegova raja, ravno do smrti i u samu smrt. Ali legende ne umiru. Omanji rastom, kako mu je priroda namijenila, Hujka je postao gorostasom oru\u017eanog otpora muslimanskog naroda Mostara i naroda BiH. Nadrastao je i ostavio u dubokoj sjenci mnogobrojne teoreti\u010dare i vojne stratege. Hujka je sve to nosio negdje duboko u sebi, pokazao je to svojim djelima i vojni\u010dkim pobjedama. Ro\u0111en da umre kao heroj, Hujka<\/p>\n","protected":false},"author":4,"featured_media":0,"parent":0,"menu_order":0,"comment_status":"closed","ping_status":"closed","template":"","meta":{"footnotes":""},"class_list":["post-2729","page","type-page","status-publish","hentry"],"aioseo_notices":[],"_links":{"self":[{"href":"https:\/\/herojimostara.ba\/index.php?rest_route=\/wp\/v2\/pages\/2729","targetHints":{"allow":["GET"]}}],"collection":[{"href":"https:\/\/herojimostara.ba\/index.php?rest_route=\/wp\/v2\/pages"}],"about":[{"href":"https:\/\/herojimostara.ba\/index.php?rest_route=\/wp\/v2\/types\/page"}],"author":[{"embeddable":true,"href":"https:\/\/herojimostara.ba\/index.php?rest_route=\/wp\/v2\/users\/4"}],"replies":[{"embeddable":true,"href":"https:\/\/herojimostara.ba\/index.php?rest_route=%2Fwp%2Fv2%2Fcomments&post=2729"}],"version-history":[{"count":28,"href":"https:\/\/herojimostara.ba\/index.php?rest_route=\/wp\/v2\/pages\/2729\/revisions"}],"predecessor-version":[{"id":3336,"href":"https:\/\/herojimostara.ba\/index.php?rest_route=\/wp\/v2\/pages\/2729\/revisions\/3336"}],"wp:attachment":[{"href":"https:\/\/herojimostara.ba\/index.php?rest_route=%2Fwp%2Fv2%2Fmedia&parent=2729"}],"curies":[{"name":"wp","href":"https:\/\/api.w.org\/{rel}","templated":true}]}}