{"id":2457,"date":"2023-10-29T18:23:24","date_gmt":"2023-10-29T17:23:24","guid":{"rendered":"https:\/\/herojimostara.ba\/?page_id=2457"},"modified":"2023-12-01T08:52:34","modified_gmt":"2023-12-01T07:52:34","slug":"impressum","status":"publish","type":"page","link":"https:\/\/herojimostara.ba\/?page_id=2457","title":{"rendered":"Impressum"},"content":{"rendered":"\t\t<div data-elementor-type=\"wp-page\" data-elementor-id=\"2457\" class=\"elementor elementor-2457\" data-elementor-settings=\"{&quot;ha_cmc_init_switcher&quot;:&quot;no&quot;}\">\n\t\t\t\t\t\t<section class=\"elementor-section elementor-top-section elementor-element elementor-element-632b4f4 elementor-section-boxed elementor-section-height-default elementor-section-height-default wpr-particle-no wpr-jarallax-no wpr-parallax-no wpr-sticky-section-no wpr-column-slider-no wpr-equal-height-no\" data-id=\"632b4f4\" data-element_type=\"section\" data-e-type=\"section\" data-settings=\"{&quot;_ha_eqh_enable&quot;:false}\">\n\t\t\t\t\t\t<div class=\"elementor-container elementor-column-gap-default\">\n\t\t\t\t\t<div class=\"elementor-column elementor-col-100 elementor-top-column elementor-element elementor-element-990467c\" data-id=\"990467c\" data-element_type=\"column\" data-e-type=\"column\">\n\t\t\t<div class=\"elementor-widget-wrap elementor-element-populated\">\n\t\t\t\t\t\t<div class=\"elementor-element elementor-element-4f38629 elementor-widget elementor-widget-image\" data-id=\"4f38629\" data-element_type=\"widget\" data-e-type=\"widget\" data-widget_type=\"image.default\">\n\t\t\t\t<div class=\"elementor-widget-container\">\n\t\t\t\t\t\t\t\t\t\t\t\t\t\t\t<img fetchpriority=\"high\" decoding=\"async\" width=\"1600\" height=\"725\" src=\"https:\/\/herojimostara.ba\/wp-content\/uploads\/2023\/10\/1-knjiga-otvorena-heroji.jpg\" class=\"attachment-full size-full wp-image-2469\" alt=\"\" \/>\t\t\t\t\t\t\t\t\t\t\t\t\t\t\t<\/div>\n\t\t\t\t<\/div>\n\t\t\t\t\t<\/div>\n\t\t<\/div>\n\t\t\t\t\t<\/div>\n\t\t<\/section>\n\t\t\t\t<section class=\"elementor-section elementor-top-section elementor-element elementor-element-56ae611 elementor-section-boxed elementor-section-height-default elementor-section-height-default wpr-particle-no wpr-jarallax-no wpr-parallax-no wpr-sticky-section-no wpr-column-slider-no wpr-equal-height-no\" data-id=\"56ae611\" data-element_type=\"section\" data-e-type=\"section\" data-settings=\"{&quot;_ha_eqh_enable&quot;:false}\">\n\t\t\t\t\t\t<div class=\"elementor-container elementor-column-gap-custom\">\n\t\t\t\t\t<div class=\"elementor-column elementor-col-50 elementor-top-column elementor-element elementor-element-8c5a332\" data-id=\"8c5a332\" data-element_type=\"column\" data-e-type=\"column\">\n\t\t\t<div class=\"elementor-widget-wrap elementor-element-populated\">\n\t\t\t\t\t\t<div class=\"elementor-element elementor-element-9397e63 elementor-widget elementor-widget-text-editor\" data-id=\"9397e63\" data-element_type=\"widget\" data-e-type=\"widget\" data-widget_type=\"text-editor.default\">\n\t\t\t\t<div class=\"elementor-widget-container\">\n\t\t\t\t\t\t\t\t\t<p><strong>Izdava\u010d:<br><\/strong>Udru\u017eenje gra\u0111ana M &#8211; Memorial &amp; Museum Mostar<\/p>\n<p><strong>Autor:&nbsp;<\/strong>Safet Oru\u010devi\u0107<\/p>\n<p><strong>Istra\u017eivao i pisao:&nbsp;<\/strong>Alija Behram<\/p>\n<p><strong>Saradnik na II izdanju:&nbsp;<\/strong>Elvedin Nezirovi\u0107<\/p>\n<p><strong>Redakcija:<br><\/strong>Alija Behram, Sedin \u0106enan, Miro Du\u0161i\u0107, Adnin Hasi\u0107, Adi Hod\u017ei\u0107, Elvedin Nezirovi\u0107, Samir No\u017ei\u0107, Salko Pezo, Harun Pilav, Ibro Rahimi\u0107, Selma Red\u017eovi\u0107, \u017deljko Schnattinger, \u0160emsudin Zlatko Serdarevi\u0107, Edim \u0160ator, Dragan Arap<\/p>\n<p><strong>Lektura i korektura:&nbsp;<\/strong>Edim \u0160ator<\/p>\n<p><strong>Tehni\u010dka obrada &amp; design:&nbsp;<\/strong>Miro Du\u0161i\u0107, \u017deljko Schnattinger<\/p>\n<p><strong>\u0160tampa:&nbsp;<\/strong>IC \u0161tamparija Mostar<\/p>\n<p><strong>Tira\u017e:&nbsp;<\/strong>1000 primjeraka<\/p>\t\t\t\t\t\t\t\t<\/div>\n\t\t\t\t<\/div>\n\t\t\t\t\t<\/div>\n\t\t<\/div>\n\t\t\t\t<div class=\"elementor-column elementor-col-50 elementor-top-column elementor-element elementor-element-d824bb8\" data-id=\"d824bb8\" data-element_type=\"column\" data-e-type=\"column\">\n\t\t\t<div class=\"elementor-widget-wrap elementor-element-populated\">\n\t\t\t\t\t\t<div class=\"elementor-element elementor-element-477899e elementor-widget elementor-widget-text-editor\" data-id=\"477899e\" data-element_type=\"widget\" data-e-type=\"widget\" data-widget_type=\"text-editor.default\">\n\t\t\t\t<div class=\"elementor-widget-container\">\n\t\t\t\t\t\t\t\t\t<p><strong>Saradnici na tekstu i fotografijama:<\/strong><br \/>Haris Arap, Osman Bahtijar, Devleta Balali\u0107, Sanja Balali\u0107, Halko Balavac, Edin Batlak, Ismeta Bijavica, Emir Bijedi\u0107, Ismet \u010campara, Osman \u010colakovi\u0107, Halil \u0106u\u0107urevi\u0107, Semir Dizdarevi\u0107, Mensur Durakovi\u0107, Mirsad Durakovi\u0107, Suad D\u017eankovi\u0107, Sead \u0110uli\u0107, Mu\u0161an \u0110uliman, Sead Elezovi\u0107, Esad Eminovi\u0107, Salko Ga\u0161tan, Adis Hadrovi\u0107, Mustafa Had\u017eajli\u0107, Haris Had\u017ei\u0107, Adnan Hand\u017ear, Nijaz Hod\u017ei\u0107, Esad Humo, Avdo Idriz, Ibrahim Maci\u0107, Selim Isi\u0107, Mustafa Isovi\u0107, Nata\u0161a Jeki\u0107, Alen Kajtaz, Milan Minja Kapor, Hasan Karad\u017ea, D\u017eevad Koluk\u010dija, Jasmin Kazazi\u0107, Haris Kljako, Semir Kljako, Edina Krpo, Ibrahim Kujan, Esad Luli\u0107, Ibrahim Maci\u0107, Azra Mahini\u0107, Suad Mari\u0107, Suad Muharemovi\u0107, Ramiz Mu\u0161i\u0107, Zijat Mu\u0161i\u0107, Kasim Mu\u0161inovi\u0107, Samir No\u017ei\u0107, \u0160efik Numankadi\u0107, Senad Oru\u010devi\u0107, Zijo Oru\u010devi\u0107, D\u017eevad Pa\u0161i\u0107, Azer Penava, Zoran Peri\u0107, Asim Rahimi\u0107, D\u017eemal Rahimi\u0107, \u0106amil Rami\u0107, Ekrem Repe\u0161a, Sead Sal\u010din, Senat Sal\u010din, Reuf Sidran, Seid Smajki\u0107, Izudin \u0160ahovi\u0107, Dervi\u0161 \u0160ehi\u0107, Mustafa \u0160krelja, \u0160erif \u0160pago, Jasmin Tabakovi\u0107, Semir Temim, Elvedina Trbonja-Cappelle, Predrag Vukosav, Nermin Zagor\u010di\u0107, Dinko \u017darku\u0161i\u0107<\/p>\t\t\t\t\t\t\t\t<\/div>\n\t\t\t\t<\/div>\n\t\t\t\t<div class=\"elementor-element elementor-element-c03f25c elementor-widget elementor-widget-spacer\" data-id=\"c03f25c\" data-element_type=\"widget\" data-e-type=\"widget\" data-widget_type=\"spacer.default\">\n\t\t\t\t<div class=\"elementor-widget-container\">\n\t\t\t\t\t\t\t<div class=\"elementor-spacer\">\n\t\t\t<div class=\"elementor-spacer-inner\"><\/div>\n\t\t<\/div>\n\t\t\t\t\t\t<\/div>\n\t\t\t\t<\/div>\n\t\t\t\t<div class=\"elementor-element elementor-element-07bd2b7 elementor-widget elementor-widget-text-editor\" data-id=\"07bd2b7\" data-element_type=\"widget\" data-e-type=\"widget\" data-widget_type=\"text-editor.default\">\n\t\t\t\t<div class=\"elementor-widget-container\">\n\t\t\t\t\t\t\t\t\t<p><b>CIP &#8211; Katalogizacija u publikaciji<br \/>Nacionalna i univerzitetska biblioteka<br \/>Bosne i Hercegovine, Sarajevo<\/b><\/p><p>ISBN 978-9926-8473-1-9<br \/>CIP zapis dostupan u COBISS sistemu Nacionalne i univerzitetske biblioteke BiH pod brojem<br \/>BH-ID 50628870<\/p>\t\t\t\t\t\t\t\t<\/div>\n\t\t\t\t<\/div>\n\t\t\t\t\t<\/div>\n\t\t<\/div>\n\t\t\t\t\t<\/div>\n\t\t<\/section>\n\t\t\t\t<\/div>\n\t\t","protected":false},"excerpt":{"rendered":"<p>Izdava\u010d:Udru\u017eenje gra\u0111ana M &#8211; Memorial &amp; Museum Mostar Autor:&nbsp;Safet Oru\u010devi\u0107 Istra\u017eivao i pisao:&nbsp;Alija Behram Saradnik na II izdanju:&nbsp;Elvedin Nezirovi\u0107 Redakcija:Alija Behram, Sedin \u0106enan, Miro Du\u0161i\u0107, Adnin Hasi\u0107, Adi Hod\u017ei\u0107, Elvedin Nezirovi\u0107, Samir No\u017ei\u0107, Salko Pezo, Harun Pilav, Ibro Rahimi\u0107, Selma Red\u017eovi\u0107, \u017deljko Schnattinger, \u0160emsudin Zlatko Serdarevi\u0107, Edim \u0160ator, Dragan Arap Lektura i korektura:&nbsp;Edim \u0160ator Tehni\u010dka obrada &amp; design:&nbsp;Miro Du\u0161i\u0107, \u017deljko Schnattinger \u0160tampa:&nbsp;IC \u0161tamparija Mostar Tira\u017e:&nbsp;1000 primjeraka Saradnici na tekstu i fotografijama:Haris Arap, Osman Bahtijar, Devleta Balali\u0107, Sanja Balali\u0107, Halko Balavac, Edin Batlak, Ismeta Bijavica, Emir Bijedi\u0107, Ismet \u010campara, Osman \u010colakovi\u0107, Halil \u0106u\u0107urevi\u0107, Semir Dizdarevi\u0107, Mensur Durakovi\u0107, Mirsad Durakovi\u0107, Suad D\u017eankovi\u0107, Sead \u0110uli\u0107, Mu\u0161an \u0110uliman, Sead Elezovi\u0107, Esad Eminovi\u0107, Salko Ga\u0161tan, Adis Hadrovi\u0107, Mustafa Had\u017eajli\u0107, Haris Had\u017ei\u0107, Adnan Hand\u017ear, Nijaz Hod\u017ei\u0107, Esad Humo, Avdo Idriz, Ibrahim Maci\u0107, Selim Isi\u0107, Mustafa Isovi\u0107, Nata\u0161a Jeki\u0107, Alen Kajtaz, Milan Minja Kapor, Hasan Karad\u017ea, D\u017eevad Koluk\u010dija, Jasmin Kazazi\u0107, Haris Kljako, Semir Kljako, Edina Krpo, Ibrahim Kujan, Esad Luli\u0107, Ibrahim Maci\u0107, Azra Mahini\u0107, Suad Mari\u0107, Suad Muharemovi\u0107, Ramiz Mu\u0161i\u0107, Zijat Mu\u0161i\u0107, Kasim Mu\u0161inovi\u0107, Samir No\u017ei\u0107, \u0160efik Numankadi\u0107, Senad Oru\u010devi\u0107, Zijo Oru\u010devi\u0107, D\u017eevad Pa\u0161i\u0107, Azer Penava, Zoran Peri\u0107, Asim Rahimi\u0107, D\u017eemal Rahimi\u0107, \u0106amil Rami\u0107, Ekrem Repe\u0161a, Sead Sal\u010din, Senat Sal\u010din, Reuf Sidran, Seid Smajki\u0107, Izudin \u0160ahovi\u0107, Dervi\u0161 \u0160ehi\u0107, Mustafa \u0160krelja, \u0160erif \u0160pago, Jasmin Tabakovi\u0107, Semir Temim, Elvedina Trbonja-Cappelle, Predrag Vukosav, Nermin Zagor\u010di\u0107, Dinko \u017darku\u0161i\u0107 CIP &#8211; Katalogizacija u publikacijiNacionalna i univerzitetska bibliotekaBosne i Hercegovine, Sarajevo ISBN 978-9926-8473-1-9CIP zapis dostupan u COBISS sistemu Nacionalne i univerzitetske biblioteke BiH pod brojemBH-ID 50628870<\/p>\n","protected":false},"author":4,"featured_media":0,"parent":0,"menu_order":0,"comment_status":"closed","ping_status":"closed","template":"","meta":{"footnotes":""},"class_list":["post-2457","page","type-page","status-publish","hentry"],"aioseo_notices":[],"_links":{"self":[{"href":"https:\/\/herojimostara.ba\/index.php?rest_route=\/wp\/v2\/pages\/2457","targetHints":{"allow":["GET"]}}],"collection":[{"href":"https:\/\/herojimostara.ba\/index.php?rest_route=\/wp\/v2\/pages"}],"about":[{"href":"https:\/\/herojimostara.ba\/index.php?rest_route=\/wp\/v2\/types\/page"}],"author":[{"embeddable":true,"href":"https:\/\/herojimostara.ba\/index.php?rest_route=\/wp\/v2\/users\/4"}],"replies":[{"embeddable":true,"href":"https:\/\/herojimostara.ba\/index.php?rest_route=%2Fwp%2Fv2%2Fcomments&post=2457"}],"version-history":[{"count":28,"href":"https:\/\/herojimostara.ba\/index.php?rest_route=\/wp\/v2\/pages\/2457\/revisions"}],"predecessor-version":[{"id":3159,"href":"https:\/\/herojimostara.ba\/index.php?rest_route=\/wp\/v2\/pages\/2457\/revisions\/3159"}],"wp:attachment":[{"href":"https:\/\/herojimostara.ba\/index.php?rest_route=%2Fwp%2Fv2%2Fmedia&parent=2457"}],"curies":[{"name":"wp","href":"https:\/\/api.w.org\/{rel}","templated":true}]}}