{"id":2369,"date":"2023-10-29T16:58:39","date_gmt":"2023-10-29T15:58:39","guid":{"rendered":"https:\/\/herojimostara.ba\/?page_id=2369"},"modified":"2023-10-29T18:11:43","modified_gmt":"2023-10-29T17:11:43","slug":"odlikovani-pripadnici-mup-a-rbih","status":"publish","type":"page","link":"https:\/\/herojimostara.ba\/?page_id=2369","title":{"rendered":"Odlikovani pripadnici MUP-a RBiH"},"content":{"rendered":"\t\t<div data-elementor-type=\"wp-page\" data-elementor-id=\"2369\" class=\"elementor elementor-2369\" data-elementor-settings=\"{&quot;ha_cmc_init_switcher&quot;:&quot;no&quot;}\">\n\t\t\t\t\t\t<section class=\"elementor-section elementor-top-section elementor-element elementor-element-55e4352 elementor-section-boxed elementor-section-height-default elementor-section-height-default wpr-particle-no wpr-jarallax-no wpr-parallax-no wpr-sticky-section-no wpr-equal-height-no\" data-id=\"55e4352\" data-element_type=\"section\" data-e-type=\"section\" data-settings=\"{&quot;_ha_eqh_enable&quot;:false}\">\n\t\t\t\t\t\t<div class=\"elementor-container elementor-column-gap-default\">\n\t\t\t\t\t<div class=\"elementor-column elementor-col-33 elementor-top-column elementor-element elementor-element-d84838a\" data-id=\"d84838a\" data-element_type=\"column\" data-e-type=\"column\">\n\t\t\t<div class=\"elementor-widget-wrap\">\n\t\t\t\t\t\t\t<\/div>\n\t\t<\/div>\n\t\t\t\t<div class=\"elementor-column elementor-col-33 elementor-top-column elementor-element elementor-element-cc0f281\" data-id=\"cc0f281\" data-element_type=\"column\" data-e-type=\"column\">\n\t\t\t<div class=\"elementor-widget-wrap\">\n\t\t\t\t\t\t\t<\/div>\n\t\t<\/div>\n\t\t\t\t<div class=\"elementor-column elementor-col-33 elementor-top-column elementor-element elementor-element-d9db759\" data-id=\"d9db759\" data-element_type=\"column\" data-e-type=\"column\">\n\t\t\t<div class=\"elementor-widget-wrap\">\n\t\t\t\t\t\t\t<\/div>\n\t\t<\/div>\n\t\t\t\t\t<\/div>\n\t\t<\/section>\n\t\t\t\t<section class=\"elementor-section elementor-top-section elementor-element elementor-element-29ca332 elementor-section-boxed elementor-section-height-default elementor-section-height-default wpr-particle-no wpr-jarallax-no wpr-parallax-no wpr-sticky-section-no wpr-equal-height-no\" data-id=\"29ca332\" data-element_type=\"section\" data-e-type=\"section\" data-settings=\"{&quot;_ha_eqh_enable&quot;:false}\">\n\t\t\t\t\t\t<div class=\"elementor-container elementor-column-gap-default\">\n\t\t\t\t\t<div class=\"elementor-column elementor-col-100 elementor-top-column elementor-element elementor-element-831d078\" data-id=\"831d078\" data-element_type=\"column\" data-e-type=\"column\">\n\t\t\t<div class=\"elementor-widget-wrap elementor-element-populated\">\n\t\t\t\t\t\t<div class=\"elementor-element elementor-element-4eead9d elementor-widget elementor-widget-spacer\" data-id=\"4eead9d\" data-element_type=\"widget\" data-e-type=\"widget\" data-widget_type=\"spacer.default\">\n\t\t\t\t<div class=\"elementor-widget-container\">\n\t\t\t\t\t\t\t<div class=\"elementor-spacer\">\n\t\t\t<div class=\"elementor-spacer-inner\"><\/div>\n\t\t<\/div>\n\t\t\t\t\t\t<\/div>\n\t\t\t\t<\/div>\n\t\t\t\t<div class=\"elementor-element elementor-element-0844ba6 elementor-widget elementor-widget-text-editor\" data-id=\"0844ba6\" data-element_type=\"widget\" data-e-type=\"widget\" data-widget_type=\"text-editor.default\">\n\t\t\t\t<div class=\"elementor-widget-container\">\n\t\t\t\t\t\t\t\t\tZa iskazanu hrabrost i ratne zasluge u periodu agresije na Bosnu i Hercegovinu od 1992. &#8211; 1995.godine, pripadnicima policijskih snaga MUP-a Republike Bosne i Hercegovine Mostar dodijeljivana su sljede\u0107a ratna priznanja &#8211; odlikovanja: Policijska medalja za hrabrost, Zlatna policijska zna\u010dka &#8211; zvijezda i Srebrna policijska zna\u010dka &#8211; zvijezda.\nOva ratna priznanja dodijelila su se i pripadnicima MUP-a RBiH u Mostaru koji su se naro\u010dito istakli u oru\u017eanom suprotstavljanju agresoru, doprinosili pro\u0161irenju slobodnih teritorija BiH, te izvr\u0161ili vi\u0161e djela u kojima je do\u0161la do izra\u017eaja njihova li\u010dna hrabrost i po\u017ertvovanje&#8230;\t\t\t\t\t\t\t\t<\/div>\n\t\t\t\t<\/div>\n\t\t\t\t\t<\/div>\n\t\t<\/div>\n\t\t\t\t\t<\/div>\n\t\t<\/section>\n\t\t\t\t<section class=\"elementor-section elementor-top-section elementor-element elementor-element-846efae elementor-section-boxed elementor-section-height-default elementor-section-height-default wpr-particle-no wpr-jarallax-no wpr-parallax-no wpr-sticky-section-no wpr-equal-height-no\" data-id=\"846efae\" data-element_type=\"section\" data-e-type=\"section\" data-settings=\"{&quot;_ha_eqh_enable&quot;:false}\">\n\t\t\t\t\t\t<div class=\"elementor-container elementor-column-gap-default\">\n\t\t\t\t\t<div class=\"elementor-column elementor-col-100 elementor-top-column elementor-element elementor-element-ed45a06\" data-id=\"ed45a06\" data-element_type=\"column\" data-e-type=\"column\">\n\t\t\t<div class=\"elementor-widget-wrap elementor-element-populated\">\n\t\t\t\t\t\t<div class=\"elementor-element elementor-element-df3e173 elementor-widget elementor-widget-spacer\" data-id=\"df3e173\" data-element_type=\"widget\" data-e-type=\"widget\" data-widget_type=\"spacer.default\">\n\t\t\t\t<div class=\"elementor-widget-container\">\n\t\t\t\t\t\t\t<div class=\"elementor-spacer\">\n\t\t\t<div class=\"elementor-spacer-inner\"><\/div>\n\t\t<\/div>\n\t\t\t\t\t\t<\/div>\n\t\t\t\t<\/div>\n\t\t\t\t<div class=\"elementor-element elementor-element-bddaf41 elementor-grid-7 elementor-grid-tablet-2 elementor-grid-mobile-1 elementor-widget elementor-widget-pp-logo-grid\" data-id=\"bddaf41\" data-element_type=\"widget\" data-e-type=\"widget\" data-widget_type=\"pp-logo-grid.default\">\n\t\t\t\t<div class=\"elementor-widget-container\">\n\t\t\t\t\t\t\t<div class=\"pp-logo-grid elementor-grid\">\n\t\t\t\t\t\t\t\t<div class=\"elementor-grid-item elementor-repeater-item-8705dbf pp-logo-grid-item-custom\">\n\t\t\t\t\t\t<div class=\"pp-logo-wrap\">\n\t\t\t\t\t\t<img decoding=\"async\" src=\"https:\/\/herojimostara.ba\/wp-content\/uploads\/2023\/10\/Arap-Mustafa.jpg\" alt=\"Arap Mustafa\" \/>\t\t\t\t\t\t<\/div>\n\t\t\t\t\t\t\t\t\t\t\t\t\t\t<p class=\"pp-logo-title\">\n\t\t\t\t\t\t\t\tArap Mustafa\t\t\t\t\t\t\t\t<\/p>\n\t\t\t\t\t\t\t\t\t\t\t\t\t<\/div>\n\t\t\t\t\t\t\t\t\t\t<div class=\"elementor-grid-item elementor-repeater-item-b1d2c8e pp-logo-grid-item-custom\">\n\t\t\t\t\t\t<div class=\"pp-logo-wrap\">\n\t\t\t\t\t\t<img decoding=\"async\" src=\"https:\/\/herojimostara.ba\/wp-content\/uploads\/2023\/10\/Brajevic-Senad.jpg\" alt=\"Brajevi\u0107 Senad\" \/>\t\t\t\t\t\t<\/div>\n\t\t\t\t\t\t\t\t\t\t\t\t\t\t<p class=\"pp-logo-title\">\n\t\t\t\t\t\t\t\tBrajevi\u0107 Senad\t\t\t\t\t\t\t\t<\/p>\n\t\t\t\t\t\t\t\t\t\t\t\t\t<\/div>\n\t\t\t\t\t\t\t\t\t\t<div class=\"elementor-grid-item elementor-repeater-item-1e8c42d pp-logo-grid-item-custom\">\n\t\t\t\t\t\t<div class=\"pp-logo-wrap\">\n\t\t\t\t\t\t<img decoding=\"async\" src=\"https:\/\/herojimostara.ba\/wp-content\/uploads\/2023\/10\/Brekalo-Jasmin.jpg\" alt=\"Brekalo Jasmin\" \/>\t\t\t\t\t\t<\/div>\n\t\t\t\t\t\t\t\t\t\t\t\t\t\t<p class=\"pp-logo-title\">\n\t\t\t\t\t\t\t\tBrekalo Jasmin\t\t\t\t\t\t\t\t<\/p>\n\t\t\t\t\t\t\t\t\t\t\t\t\t<\/div>\n\t\t\t\t\t\t\t\t\t\t<div class=\"elementor-grid-item elementor-repeater-item-a745055 pp-logo-grid-item-custom\">\n\t\t\t\t\t\t<div class=\"pp-logo-wrap\">\n\t\t\t\t\t\t<img decoding=\"async\" src=\"https:\/\/herojimostara.ba\/wp-content\/uploads\/2023\/10\/Busuladzic-Aziz.jpg\" alt=\"Busuladzic Aziz\" \/>\t\t\t\t\t\t<\/div>\n\t\t\t\t\t\t\t\t\t\t\t\t\t\t<p class=\"pp-logo-title\">\n\t\t\t\t\t\t\t\tBusulad\u017ei\u0107 Aziz\t\t\t\t\t\t\t\t<\/p>\n\t\t\t\t\t\t\t\t\t\t\t\t\t<\/div>\n\t\t\t\t\t\t\t\t\t\t<div class=\"elementor-grid-item elementor-repeater-item-751f785 pp-logo-grid-item-custom\">\n\t\t\t\t\t\t<div class=\"pp-logo-wrap\">\n\t\t\t\t\t\t<img decoding=\"async\" src=\"https:\/\/herojimostara.ba\/wp-content\/uploads\/2023\/10\/Camo-Mujo.jpg\" alt=\"Camo Mujo\" \/>\t\t\t\t\t\t<\/div>\n\t\t\t\t\t\t\t\t\t\t\t\t\t\t<p class=\"pp-logo-title\">\n\t\t\t\t\t\t\t\t\u010camo Mujo\t\t\t\t\t\t\t\t<\/p>\n\t\t\t\t\t\t\t\t\t\t\t\t\t<\/div>\n\t\t\t\t\t\t\t\t\t\t<div class=\"elementor-grid-item elementor-repeater-item-262b72a pp-logo-grid-item-custom\">\n\t\t\t\t\t\t<div class=\"pp-logo-wrap\">\n\t\t\t\t\t\t<img decoding=\"async\" src=\"https:\/\/herojimostara.ba\/wp-content\/uploads\/2023\/10\/Custovic-Rasid.jpg\" alt=\"Custovic Rasid\" \/>\t\t\t\t\t\t<\/div>\n\t\t\t\t\t\t\t\t\t\t\t\t\t\t<p class=\"pp-logo-title\">\n\t\t\t\t\t\t\t\t\u010custovi\u0107 Ra\u0161id\t\t\t\t\t\t\t\t<\/p>\n\t\t\t\t\t\t\t\t\t\t\t\t\t<\/div>\n\t\t\t\t\t\t\t\t\t\t<div class=\"elementor-grid-item elementor-repeater-item-1c875de pp-logo-grid-item-custom\">\n\t\t\t\t\t\t<div class=\"pp-logo-wrap\">\n\t\t\t\t\t\t<img decoding=\"async\" src=\"https:\/\/herojimostara.ba\/wp-content\/uploads\/2023\/10\/Demic-Edin.jpg\" alt=\"Demic Edin\" \/>\t\t\t\t\t\t<\/div>\n\t\t\t\t\t\t\t\t\t\t\t\t\t\t<p class=\"pp-logo-title\">\n\t\t\t\t\t\t\t\tDemi\u0107 Edin\t\t\t\t\t\t\t\t<\/p>\n\t\t\t\t\t\t\t\t\t\t\t\t\t<\/div>\n\t\t\t\t\t\t\t\t\t\t<div class=\"elementor-grid-item elementor-repeater-item-987a7f2 pp-logo-grid-item-custom\">\n\t\t\t\t\t\t<div class=\"pp-logo-wrap\">\n\t\t\t\t\t\t<img decoding=\"async\" src=\"https:\/\/herojimostara.ba\/wp-content\/uploads\/2023\/10\/djipa-haris.jpg\" alt=\"djipa haris\" \/>\t\t\t\t\t\t<\/div>\n\t\t\t\t\t\t\t\t\t\t\t\t\t\t<p class=\"pp-logo-title\">\n\t\t\t\t\t\t\t\t\u0110ipa Haris\t\t\t\t\t\t\t\t<\/p>\n\t\t\t\t\t\t\t\t\t\t\t\t\t<\/div>\n\t\t\t\t\t\t\t\t\t\t<div class=\"elementor-grid-item elementor-repeater-item-00208ad pp-logo-grid-item-custom\">\n\t\t\t\t\t\t<div class=\"pp-logo-wrap\">\n\t\t\t\t\t\t<img decoding=\"async\" src=\"https:\/\/herojimostara.ba\/wp-content\/uploads\/2023\/10\/dzho-hasan.jpg\" alt=\"dzho hasan\" \/>\t\t\t\t\t\t<\/div>\n\t\t\t\t\t\t\t\t\t\t\t\t\t\t<p class=\"pp-logo-title\">\n\t\t\t\t\t\t\t\tD\u017eiho Hasan\t\t\t\t\t\t\t\t<\/p>\n\t\t\t\t\t\t\t\t\t\t\t\t\t<\/div>\n\t\t\t\t\t\t\t\t\t\t<div class=\"elementor-grid-item elementor-repeater-item-a101c83 pp-logo-grid-item-custom\">\n\t\t\t\t\t\t<div class=\"pp-logo-wrap\">\n\t\t\t\t\t\t<img decoding=\"async\" src=\"https:\/\/herojimostara.ba\/wp-content\/uploads\/2023\/10\/Dzoklo-Abdulah.jpg\" alt=\"Dzoklo Abdulah\" \/>\t\t\t\t\t\t<\/div>\n\t\t\t\t\t\t\t\t\t\t\t\t\t\t<p class=\"pp-logo-title\">\n\t\t\t\t\t\t\t\tD\u017eoklo Abdulah\t\t\t\t\t\t\t\t<\/p>\n\t\t\t\t\t\t\t\t\t\t\t\t\t<\/div>\n\t\t\t\t\t\t\t\t\t\t<div class=\"elementor-grid-item elementor-repeater-item-33e7ff7 pp-logo-grid-item-custom\">\n\t\t\t\t\t\t<div class=\"pp-logo-wrap\">\n\t\t\t\t\t\t<img decoding=\"async\" src=\"https:\/\/herojimostara.ba\/wp-content\/uploads\/2023\/10\/Elezovic-edmir.jpg\" alt=\"Elezovic edmir\" \/>\t\t\t\t\t\t<\/div>\n\t\t\t\t\t\t\t\t\t\t\t\t\t\t<p class=\"pp-logo-title\">\n\t\t\t\t\t\t\t\tElezovi\u0107 Edmir\t\t\t\t\t\t\t\t<\/p>\n\t\t\t\t\t\t\t\t\t\t\t\t\t<\/div>\n\t\t\t\t\t\t\t\t\t\t<div class=\"elementor-grid-item elementor-repeater-item-c6585cc pp-logo-grid-item-custom\">\n\t\t\t\t\t\t<div class=\"pp-logo-wrap\">\n\t\t\t\t\t\t<img decoding=\"async\" src=\"https:\/\/herojimostara.ba\/wp-content\/uploads\/2023\/10\/eminagic-goran.jpg\" alt=\"eminagic goran\" \/>\t\t\t\t\t\t<\/div>\n\t\t\t\t\t\t\t\t\t\t\t\t\t\t<p class=\"pp-logo-title\">\n\t\t\t\t\t\t\t\tEminagi\u0107 Goran\t\t\t\t\t\t\t\t<\/p>\n\t\t\t\t\t\t\t\t\t\t\t\t\t<\/div>\n\t\t\t\t\t\t\t\t\t\t<div class=\"elementor-grid-item elementor-repeater-item-c13817e pp-logo-grid-item-custom\">\n\t\t\t\t\t\t<div class=\"pp-logo-wrap\">\n\t\t\t\t\t\t<img decoding=\"async\" src=\"https:\/\/herojimostara.ba\/wp-content\/uploads\/2023\/10\/galijasevic-camil.jpg\" alt=\"galijasevic camil\" \/>\t\t\t\t\t\t<\/div>\n\t\t\t\t\t\t\t\t\t\t\t\t\t\t<p class=\"pp-logo-title\">\n\t\t\t\t\t\t\t\tGalija\u0161evi\u0107 \u0106amil\t\t\t\t\t\t\t\t<\/p>\n\t\t\t\t\t\t\t\t\t\t\t\t\t<\/div>\n\t\t\t\t\t\t\t\t\t\t<div class=\"elementor-grid-item elementor-repeater-item-b91ee2b pp-logo-grid-item-custom\">\n\t\t\t\t\t\t<div class=\"pp-logo-wrap\">\n\t\t\t\t\t\t<img decoding=\"async\" src=\"https:\/\/herojimostara.ba\/wp-content\/uploads\/2023\/10\/hujka.jpg\" alt=\"hujka\" \/>\t\t\t\t\t\t<\/div>\n\t\t\t\t\t\t\t\t\t\t\t\t\t\t<p class=\"pp-logo-title\">\n\t\t\t\t\t\t\t\tMidhad Hujdur\t\t\t\t\t\t\t\t<\/p>\n\t\t\t\t\t\t\t\t\t\t\t\t\t<\/div>\n\t\t\t\t\t\t\t\t\t\t<div class=\"elementor-grid-item elementor-repeater-item-e77d121 pp-logo-grid-item-custom\">\n\t\t\t\t\t\t<div class=\"pp-logo-wrap\">\n\t\t\t\t\t\t<img decoding=\"async\" src=\"https:\/\/herojimostara.ba\/wp-content\/uploads\/2023\/10\/husic-junuz.jpg\" alt=\"husic junuz\" \/>\t\t\t\t\t\t<\/div>\n\t\t\t\t\t\t\t\t\t\t\t\t\t\t<p class=\"pp-logo-title\">\n\t\t\t\t\t\t\t\tHusi\u0107 Junuz\t\t\t\t\t\t\t\t<\/p>\n\t\t\t\t\t\t\t\t\t\t\t\t\t<\/div>\n\t\t\t\t\t\t\t\t\t\t<div class=\"elementor-grid-item elementor-repeater-item-4d8ab21 pp-logo-grid-item-custom\">\n\t\t\t\t\t\t<div class=\"pp-logo-wrap\">\n\t\t\t\t\t\t<img decoding=\"async\" src=\"https:\/\/herojimostara.ba\/wp-content\/uploads\/2023\/10\/jugo-amir.jpg\" alt=\"jugo amir\" \/>\t\t\t\t\t\t<\/div>\n\t\t\t\t\t\t\t\t\t\t\t\t\t\t<p class=\"pp-logo-title\">\n\t\t\t\t\t\t\t\tJugo Amir\t\t\t\t\t\t\t\t<\/p>\n\t\t\t\t\t\t\t\t\t\t\t\t\t<\/div>\n\t\t\t\t\t\t\t\t\t\t<div class=\"elementor-grid-item elementor-repeater-item-fc6353a pp-logo-grid-item-custom\">\n\t\t\t\t\t\t<div class=\"pp-logo-wrap\">\n\t\t\t\t\t\t<img decoding=\"async\" src=\"https:\/\/herojimostara.ba\/wp-content\/uploads\/2023\/10\/karic-fadil.jpg\" alt=\"karic fadil\" \/>\t\t\t\t\t\t<\/div>\n\t\t\t\t\t\t\t\t\t\t\t\t\t\t<p class=\"pp-logo-title\">\n\t\t\t\t\t\t\t\tKari\u0107 Fadil\t\t\t\t\t\t\t\t<\/p>\n\t\t\t\t\t\t\t\t\t\t\t\t\t<\/div>\n\t\t\t\t\t\t\t\t\t\t<div class=\"elementor-grid-item elementor-repeater-item-aa1c9dd pp-logo-grid-item-custom\">\n\t\t\t\t\t\t<div class=\"pp-logo-wrap\">\n\t\t\t\t\t\t<img decoding=\"async\" src=\"https:\/\/herojimostara.ba\/wp-content\/uploads\/2023\/10\/keco-almir.jpg\" alt=\"keco almir\" \/>\t\t\t\t\t\t<\/div>\n\t\t\t\t\t\t\t\t\t\t\t\t\t\t<p class=\"pp-logo-title\">\n\t\t\t\t\t\t\t\tKe\u010do Almir\t\t\t\t\t\t\t\t<\/p>\n\t\t\t\t\t\t\t\t\t\t\t\t\t<\/div>\n\t\t\t\t\t\t\t\t\t\t<div class=\"elementor-grid-item elementor-repeater-item-9dacd46 pp-logo-grid-item-custom\">\n\t\t\t\t\t\t<div class=\"pp-logo-wrap\">\n\t\t\t\t\t\t<img decoding=\"async\" src=\"https:\/\/herojimostara.ba\/wp-content\/uploads\/2023\/10\/kustric-amir.jpg\" alt=\"kustric amir\" \/>\t\t\t\t\t\t<\/div>\n\t\t\t\t\t\t\t\t\t\t\t\t\t\t<p class=\"pp-logo-title\">\n\t\t\t\t\t\t\t\tKu\u0161tri\u0107 Amir\t\t\t\t\t\t\t\t<\/p>\n\t\t\t\t\t\t\t\t\t\t\t\t\t<\/div>\n\t\t\t\t\t\t\t\t\t\t<div class=\"elementor-grid-item elementor-repeater-item-35b39eb pp-logo-grid-item-custom\">\n\t\t\t\t\t\t<div class=\"pp-logo-wrap\">\n\t\t\t\t\t\t<img decoding=\"async\" src=\"https:\/\/herojimostara.ba\/wp-content\/uploads\/2023\/10\/leric-zijo.jpg\" alt=\"leric zijo\" \/>\t\t\t\t\t\t<\/div>\n\t\t\t\t\t\t\t\t\t\t\t\t\t\t<p class=\"pp-logo-title\">\n\t\t\t\t\t\t\t\tLeri\u0107 Zijo\t\t\t\t\t\t\t\t<\/p>\n\t\t\t\t\t\t\t\t\t\t\t\t\t<\/div>\n\t\t\t\t\t\t\t\t\t\t<div class=\"elementor-grid-item elementor-repeater-item-590ebe1 pp-logo-grid-item-custom\">\n\t\t\t\t\t\t<div class=\"pp-logo-wrap\">\n\t\t\t\t\t\t<img decoding=\"async\" src=\"https:\/\/herojimostara.ba\/wp-content\/uploads\/2023\/10\/lulic-adis.jpg\" alt=\"lulic adis\" \/>\t\t\t\t\t\t<\/div>\n\t\t\t\t\t\t\t\t\t\t\t\t\t\t<p class=\"pp-logo-title\">\n\t\t\t\t\t\t\t\tLuli\u0107 Adis\t\t\t\t\t\t\t\t<\/p>\n\t\t\t\t\t\t\t\t\t\t\t\t\t<\/div>\n\t\t\t\t\t\t\t\t\t\t<div class=\"elementor-grid-item elementor-repeater-item-5502a51 pp-logo-grid-item-custom\">\n\t\t\t\t\t\t<div class=\"pp-logo-wrap\">\n\t\t\t\t\t\t<img decoding=\"async\" src=\"https:\/\/herojimostara.ba\/wp-content\/uploads\/2023\/10\/maksumic-naser.jpg\" alt=\"maksumic naser\" \/>\t\t\t\t\t\t<\/div>\n\t\t\t\t\t\t\t\t\t\t\t\t\t\t<p class=\"pp-logo-title\">\n\t\t\t\t\t\t\t\tMaksumi\u0107 Naser\t\t\t\t\t\t\t\t<\/p>\n\t\t\t\t\t\t\t\t\t\t\t\t\t<\/div>\n\t\t\t\t\t\t\t\t\t\t<div class=\"elementor-grid-item elementor-repeater-item-b942eeb pp-logo-grid-item-custom\">\n\t\t\t\t\t\t<div class=\"pp-logo-wrap\">\n\t\t\t\t\t\t<img decoding=\"async\" src=\"https:\/\/herojimostara.ba\/wp-content\/uploads\/2023\/10\/maric-semir.jpg\" alt=\"maric semir\" \/>\t\t\t\t\t\t<\/div>\n\t\t\t\t\t\t\t\t\t\t\t\t\t\t<p class=\"pp-logo-title\">\n\t\t\t\t\t\t\t\tMari\u0107 Semir\t\t\t\t\t\t\t\t<\/p>\n\t\t\t\t\t\t\t\t\t\t\t\t\t<\/div>\n\t\t\t\t\t\t\t\t\t\t<div class=\"elementor-grid-item elementor-repeater-item-487ee63 pp-logo-grid-item-custom\">\n\t\t\t\t\t\t<div class=\"pp-logo-wrap\">\n\t\t\t\t\t\t<img decoding=\"async\" src=\"https:\/\/herojimostara.ba\/wp-content\/uploads\/2023\/10\/maslesa-halil.jpg\" alt=\"maslesa halil\" \/>\t\t\t\t\t\t<\/div>\n\t\t\t\t\t\t\t\t\t\t\t\t\t\t<p class=\"pp-logo-title\">\n\t\t\t\t\t\t\t\tMasle\u0161a Halil\t\t\t\t\t\t\t\t<\/p>\n\t\t\t\t\t\t\t\t\t\t\t\t\t<\/div>\n\t\t\t\t\t\t\t\t\t\t<div class=\"elementor-grid-item elementor-repeater-item-5810735 pp-logo-grid-item-custom\">\n\t\t\t\t\t\t<div class=\"pp-logo-wrap\">\n\t\t\t\t\t\t<img decoding=\"async\" src=\"https:\/\/herojimostara.ba\/wp-content\/uploads\/2023\/10\/memic-adnan.jpg\" alt=\"memic adnan\" \/>\t\t\t\t\t\t<\/div>\n\t\t\t\t\t\t\t\t\t\t\t\t\t\t<p class=\"pp-logo-title\">\n\t\t\t\t\t\t\t\tMemi\u0107 Adnan\t\t\t\t\t\t\t\t<\/p>\n\t\t\t\t\t\t\t\t\t\t\t\t\t<\/div>\n\t\t\t\t\t\t\t\t\t\t<div class=\"elementor-grid-item elementor-repeater-item-e6f7fa6 pp-logo-grid-item-custom\">\n\t\t\t\t\t\t<div class=\"pp-logo-wrap\">\n\t\t\t\t\t\t<img decoding=\"async\" src=\"https:\/\/herojimostara.ba\/wp-content\/uploads\/2023\/10\/muraspahic-atif.jpg\" alt=\"muraspahic atif\" \/>\t\t\t\t\t\t<\/div>\n\t\t\t\t\t\t\t\t\t\t\t\t\t\t<p class=\"pp-logo-title\">\n\t\t\t\t\t\t\t\tMuraspahi\u0107 Atif\t\t\t\t\t\t\t\t<\/p>\n\t\t\t\t\t\t\t\t\t\t\t\t\t<\/div>\n\t\t\t\t\t\t\t\t\t\t<div class=\"elementor-grid-item elementor-repeater-item-7215b85 pp-logo-grid-item-custom\">\n\t\t\t\t\t\t<div class=\"pp-logo-wrap\">\n\t\t\t\t\t\t<img decoding=\"async\" src=\"https:\/\/herojimostara.ba\/wp-content\/uploads\/2023\/10\/pala-miralem.jpg\" alt=\"pala miralem\" \/>\t\t\t\t\t\t<\/div>\n\t\t\t\t\t\t\t\t\t\t\t\t\t\t<p class=\"pp-logo-title\">\n\t\t\t\t\t\t\t\tPala Miralem\t\t\t\t\t\t\t\t<\/p>\n\t\t\t\t\t\t\t\t\t\t\t\t\t<\/div>\n\t\t\t\t\t\t\t\t\t\t<div class=\"elementor-grid-item elementor-repeater-item-1b5a9c7 pp-logo-grid-item-custom\">\n\t\t\t\t\t\t<div class=\"pp-logo-wrap\">\n\t\t\t\t\t\t<img decoding=\"async\" src=\"https:\/\/herojimostara.ba\/wp-content\/uploads\/2023\/10\/pehilj-camil.jpg\" alt=\"pehilj camil\" \/>\t\t\t\t\t\t<\/div>\n\t\t\t\t\t\t\t\t\t\t\t\t\t\t<p class=\"pp-logo-title\">\n\t\t\t\t\t\t\t\tPehilj \u0106amil\t\t\t\t\t\t\t\t<\/p>\n\t\t\t\t\t\t\t\t\t\t\t\t\t<\/div>\n\t\t\t\t\t\t\t\t\t\t<div class=\"elementor-grid-item elementor-repeater-item-146b042 pp-logo-grid-item-custom\">\n\t\t\t\t\t\t<div class=\"pp-logo-wrap\">\n\t\t\t\t\t\t<img decoding=\"async\" src=\"https:\/\/herojimostara.ba\/wp-content\/uploads\/2023\/10\/saric-sead.jpg\" alt=\"saric sead\" \/>\t\t\t\t\t\t<\/div>\n\t\t\t\t\t\t\t\t\t\t\t\t\t\t<p class=\"pp-logo-title\">\n\t\t\t\t\t\t\t\tSari\u0107 Sead\t\t\t\t\t\t\t\t<\/p>\n\t\t\t\t\t\t\t\t\t\t\t\t\t<\/div>\n\t\t\t\t\t\t\t\t\t\t<div class=\"elementor-grid-item elementor-repeater-item-859c3e8 pp-logo-grid-item-custom\">\n\t\t\t\t\t\t<div class=\"pp-logo-wrap\">\n\t\t\t\t\t\t<img decoding=\"async\" src=\"https:\/\/herojimostara.ba\/wp-content\/uploads\/2023\/10\/smajkic-ibrahim.jpg\" alt=\"smajkic ibrahim\" \/>\t\t\t\t\t\t<\/div>\n\t\t\t\t\t\t\t\t\t\t\t\t\t\t<p class=\"pp-logo-title\">\n\t\t\t\t\t\t\t\tSmajki\u0107 Ibrahim\t\t\t\t\t\t\t\t<\/p>\n\t\t\t\t\t\t\t\t\t\t\t\t\t<\/div>\n\t\t\t\t\t\t\t\t\t\t<div class=\"elementor-grid-item elementor-repeater-item-2991b39 pp-logo-grid-item-custom\">\n\t\t\t\t\t\t<div class=\"pp-logo-wrap\">\n\t\t\t\t\t\t<img decoding=\"async\" src=\"https:\/\/herojimostara.ba\/wp-content\/uploads\/2023\/10\/sakovic-medin.jpg\" alt=\"\u0161akovic medin\" \/>\t\t\t\t\t\t<\/div>\n\t\t\t\t\t\t\t\t\t\t\t\t\t\t<p class=\"pp-logo-title\">\n\t\t\t\t\t\t\t\t\u0160akovi\u0107 Medin\t\t\t\t\t\t\t\t<\/p>\n\t\t\t\t\t\t\t\t\t\t\t\t\t<\/div>\n\t\t\t\t\t\t\t\t\t\t<div class=\"elementor-grid-item elementor-repeater-item-fc0678e pp-logo-grid-item-custom\">\n\t\t\t\t\t\t<div class=\"pp-logo-wrap\">\n\t\t\t\t\t\t<img decoding=\"async\" src=\"https:\/\/herojimostara.ba\/wp-content\/uploads\/2023\/10\/sito-nazif.jpg\" alt=\"\u0161ito nazif\" \/>\t\t\t\t\t\t<\/div>\n\t\t\t\t\t\t\t\t\t\t\t\t\t\t<p class=\"pp-logo-title\">\n\t\t\t\t\t\t\t\t\u0160ito Nazif\t\t\t\t\t\t\t\t<\/p>\n\t\t\t\t\t\t\t\t\t\t\t\t\t<\/div>\n\t\t\t\t\t\t\t\t\t\t<div class=\"elementor-grid-item elementor-repeater-item-da1e63e pp-logo-grid-item-custom\">\n\t\t\t\t\t\t<div class=\"pp-logo-wrap\">\n\t\t\t\t\t\t<img decoding=\"async\" src=\"https:\/\/herojimostara.ba\/wp-content\/uploads\/2023\/10\/spago-ahmed.jpg\" alt=\"\u0161pago ahmed\" \/>\t\t\t\t\t\t<\/div>\n\t\t\t\t\t\t\t\t\t\t\t\t\t\t<p class=\"pp-logo-title\">\n\t\t\t\t\t\t\t\t\u0160pago Ahmed\t\t\t\t\t\t\t\t<\/p>\n\t\t\t\t\t\t\t\t\t\t\t\t\t<\/div>\n\t\t\t\t\t\t\t\t\t\t<div class=\"elementor-grid-item elementor-repeater-item-6f23476 pp-logo-grid-item-custom\">\n\t\t\t\t\t\t<div class=\"pp-logo-wrap\">\n\t\t\t\t\t\t<img decoding=\"async\" src=\"https:\/\/herojimostara.ba\/wp-content\/uploads\/2023\/10\/tafro-kadir.jpg\" alt=\"tafro kadir\" \/>\t\t\t\t\t\t<\/div>\n\t\t\t\t\t\t\t\t\t\t\t\t\t\t<p class=\"pp-logo-title\">\n\t\t\t\t\t\t\t\tTafro Kadir\t\t\t\t\t\t\t\t<\/p>\n\t\t\t\t\t\t\t\t\t\t\t\t\t<\/div>\n\t\t\t\t\t\t\t\t\t\t<div class=\"elementor-grid-item elementor-repeater-item-928af79 pp-logo-grid-item-custom\">\n\t\t\t\t\t\t<div class=\"pp-logo-wrap\">\n\t\t\t\t\t\t<img decoding=\"async\" src=\"https:\/\/herojimostara.ba\/wp-content\/uploads\/2023\/10\/zulovic-ekrem.jpg\" alt=\"zulovic ekrem\" \/>\t\t\t\t\t\t<\/div>\n\t\t\t\t\t\t\t\t\t\t\t\t\t\t<p class=\"pp-logo-title\">\n\t\t\t\t\t\t\t\tZulovi\u0107 Ekrem\t\t\t\t\t\t\t\t<\/p>\n\t\t\t\t\t\t\t\t\t\t\t\t\t<\/div>\n\t\t\t\t\t\t\t<\/div>\n\t\t\t\t\t\t<\/div>\n\t\t\t\t<\/div>\n\t\t\t\t\t<\/div>\n\t\t<\/div>\n\t\t\t\t\t<\/div>\n\t\t<\/section>\n\t\t\t\t<section class=\"elementor-section elementor-top-section elementor-element elementor-element-cf0b15f elementor-section-boxed elementor-section-height-default elementor-section-height-default wpr-particle-no wpr-jarallax-no wpr-parallax-no wpr-sticky-section-no wpr-equal-height-no\" data-id=\"cf0b15f\" data-element_type=\"section\" data-e-type=\"section\" data-settings=\"{&quot;_ha_eqh_enable&quot;:false}\">\n\t\t\t\t\t\t<div class=\"elementor-container elementor-column-gap-default\">\n\t\t\t\t\t<div class=\"elementor-column elementor-col-100 elementor-top-column elementor-element elementor-element-368918b\" data-id=\"368918b\" data-element_type=\"column\" data-e-type=\"column\">\n\t\t\t<div class=\"elementor-widget-wrap elementor-element-populated\">\n\t\t\t\t\t\t<div class=\"elementor-element elementor-element-7e07f62 elementor-widget elementor-widget-spacer\" data-id=\"7e07f62\" data-element_type=\"widget\" data-e-type=\"widget\" data-widget_type=\"spacer.default\">\n\t\t\t\t<div class=\"elementor-widget-container\">\n\t\t\t\t\t\t\t<div class=\"elementor-spacer\">\n\t\t\t<div class=\"elementor-spacer-inner\"><\/div>\n\t\t<\/div>\n\t\t\t\t\t\t<\/div>\n\t\t\t\t<\/div>\n\t\t\t\t<div class=\"elementor-element elementor-element-f57baef elementor-widget elementor-widget-text-editor\" data-id=\"f57baef\" data-element_type=\"widget\" data-e-type=\"widget\" data-widget_type=\"text-editor.default\">\n\t\t\t\t<div class=\"elementor-widget-container\">\n\t\t\t\t\t\t\t\t\t<p>Neka im je vje\u010dna slava i hvala!<\/p>\t\t\t\t\t\t\t\t<\/div>\n\t\t\t\t<\/div>\n\t\t\t\t\t<\/div>\n\t\t<\/div>\n\t\t\t\t\t<\/div>\n\t\t<\/section>\n\t\t\t\t<\/div>\n\t\t","protected":false},"excerpt":{"rendered":"<p>Medalja za hrabrost MUP RBiH period: 1992 &#8211; 1995. Zlatna policijska zna\u010dka MUP RBiH period: 1992 &#8211; 1995. srebrena policijska zna\u010dka MUP RBiH period: 1992 &#8211; 1995. Za iskazanu hrabrost i ratne zasluge u periodu agresije na Bosnu i Hercegovinu od 1992. &#8211; 1995.godine, pripadnicima policijskih snaga MUP-a Republike Bosne i Hercegovine Mostar dodijeljivana su sljede\u0107a ratna priznanja &#8211; odlikovanja: Policijska medalja za hrabrost, Zlatna policijska zna\u010dka &#8211; zvijezda i Srebrna policijska zna\u010dka &#8211; zvijezda. Ova ratna priznanja dodijelila su se i pripadnicima MUP-a RBiH u Mostaru koji su se naro\u010dito istakli u oru\u017eanom suprotstavljanju agresoru, doprinosili pro\u0161irenju slobodnih teritorija BiH, te izvr\u0161ili vi\u0161e djela u kojima je do\u0161la do izra\u017eaja njihova li\u010dna hrabrost i po\u017ertvovanje&#8230; Arap Mustafa Brajevi\u0107 Senad Brekalo Jasmin Busulad\u017ei\u0107 Aziz \u010camo Mujo \u010custovi\u0107 Ra\u0161id Demi\u0107 Edin \u0110ipa Haris D\u017eiho Hasan D\u017eoklo Abdulah Elezovi\u0107 Edmir Eminagi\u0107 Goran Galija\u0161evi\u0107 \u0106amil Midhad Hujdur Husi\u0107 Junuz Jugo Amir Kari\u0107 Fadil Ke\u010do Almir Ku\u0161tri\u0107 Amir Leri\u0107 Zijo Luli\u0107 Adis Maksumi\u0107 Naser Mari\u0107 Semir Masle\u0161a Halil Memi\u0107 Adnan Muraspahi\u0107 Atif Pala Miralem Pehilj \u0106amil Sari\u0107 Sead Smajki\u0107 Ibrahim \u0160akovi\u0107 Medin \u0160ito Nazif \u0160pago Ahmed Tafro Kadir Zulovi\u0107 Ekrem Neka im je vje\u010dna slava i hvala!<\/p>\n","protected":false},"author":4,"featured_media":0,"parent":0,"menu_order":0,"comment_status":"closed","ping_status":"closed","template":"","meta":{"footnotes":""},"class_list":["post-2369","page","type-page","status-publish","hentry"],"aioseo_notices":[],"_links":{"self":[{"href":"https:\/\/herojimostara.ba\/index.php?rest_route=\/wp\/v2\/pages\/2369","targetHints":{"allow":["GET"]}}],"collection":[{"href":"https:\/\/herojimostara.ba\/index.php?rest_route=\/wp\/v2\/pages"}],"about":[{"href":"https:\/\/herojimostara.ba\/index.php?rest_route=\/wp\/v2\/types\/page"}],"author":[{"embeddable":true,"href":"https:\/\/herojimostara.ba\/index.php?rest_route=\/wp\/v2\/users\/4"}],"replies":[{"embeddable":true,"href":"https:\/\/herojimostara.ba\/index.php?rest_route=%2Fwp%2Fv2%2Fcomments&post=2369"}],"version-history":[{"count":46,"href":"https:\/\/herojimostara.ba\/index.php?rest_route=\/wp\/v2\/pages\/2369\/revisions"}],"predecessor-version":[{"id":2456,"href":"https:\/\/herojimostara.ba\/index.php?rest_route=\/wp\/v2\/pages\/2369\/revisions\/2456"}],"wp:attachment":[{"href":"https:\/\/herojimostara.ba\/index.php?rest_route=%2Fwp%2Fv2%2Fmedia&parent=2369"}],"curies":[{"name":"wp","href":"https:\/\/api.w.org\/{rel}","templated":true}]}}