{"id":2098,"date":"2023-10-27T20:33:29","date_gmt":"2023-10-27T18:33:29","guid":{"rendered":"https:\/\/herojimostara.ba\/?page_id=2098"},"modified":"2025-11-27T09:55:22","modified_gmt":"2025-11-27T08:55:22","slug":"o-nama","status":"publish","type":"page","link":"https:\/\/herojimostara.ba\/?page_id=2098","title":{"rendered":"O nama"},"content":{"rendered":"\t\t<div data-elementor-type=\"wp-page\" data-elementor-id=\"2098\" class=\"elementor elementor-2098\" data-elementor-settings=\"{&quot;ha_cmc_init_switcher&quot;:&quot;no&quot;}\">\n\t\t\t\t\t\t<section class=\"elementor-section elementor-top-section elementor-element elementor-element-a884417 elementor-section-boxed elementor-section-height-default elementor-section-height-default wpr-particle-no wpr-jarallax-no wpr-parallax-no wpr-sticky-section-no wpr-equal-height-no\" data-id=\"a884417\" data-element_type=\"section\" data-e-type=\"section\" data-settings=\"{&quot;_ha_eqh_enable&quot;:false}\">\n\t\t\t\t\t\t<div class=\"elementor-container elementor-column-gap-default\">\n\t\t\t\t\t<div class=\"elementor-column elementor-col-100 elementor-top-column elementor-element elementor-element-d709944\" data-id=\"d709944\" data-element_type=\"column\" data-e-type=\"column\">\n\t\t\t<div class=\"elementor-widget-wrap elementor-element-populated\">\n\t\t\t\t\t\t<div class=\"elementor-element elementor-element-c2aa919 elementor-widget elementor-widget-heading\" data-id=\"c2aa919\" data-element_type=\"widget\" data-e-type=\"widget\" data-widget_type=\"heading.default\">\n\t\t\t\t<div class=\"elementor-widget-container\">\n\t\t\t\t\t<h3 class=\"elementor-heading-title elementor-size-default\">Ko smo mi?<\/h3>\t\t\t\t<\/div>\n\t\t\t\t<\/div>\n\t\t\t\t<div class=\"elementor-element elementor-element-9bada93 elementor-widget elementor-widget-spacer\" data-id=\"9bada93\" data-element_type=\"widget\" data-e-type=\"widget\" data-widget_type=\"spacer.default\">\n\t\t\t\t<div class=\"elementor-widget-container\">\n\t\t\t\t\t\t\t<div class=\"elementor-spacer\">\n\t\t\t<div class=\"elementor-spacer-inner\"><\/div>\n\t\t<\/div>\n\t\t\t\t\t\t<\/div>\n\t\t\t\t<\/div>\n\t\t\t\t\t<\/div>\n\t\t<\/div>\n\t\t\t\t\t<\/div>\n\t\t<\/section>\n\t\t\t\t<section class=\"elementor-section elementor-top-section elementor-element elementor-element-76fe44b elementor-section-boxed elementor-section-height-default elementor-section-height-default wpr-particle-no wpr-jarallax-no wpr-parallax-no wpr-sticky-section-no wpr-equal-height-no\" data-id=\"76fe44b\" data-element_type=\"section\" data-e-type=\"section\" data-settings=\"{&quot;_ha_eqh_enable&quot;:false}\">\n\t\t\t\t\t\t<div class=\"elementor-container elementor-column-gap-default\">\n\t\t\t\t\t<div class=\"elementor-column elementor-col-33 elementor-top-column elementor-element elementor-element-1b0f361\" data-id=\"1b0f361\" data-element_type=\"column\" data-e-type=\"column\">\n\t\t\t<div class=\"elementor-widget-wrap elementor-element-populated\">\n\t\t\t\t\t\t<div class=\"elementor-element elementor-element-3fa6961 elementor-widget elementor-widget-image\" data-id=\"3fa6961\" data-element_type=\"widget\" data-e-type=\"widget\" data-widget_type=\"image.default\">\n\t\t\t\t<div class=\"elementor-widget-container\">\n\t\t\t\t\t\t\t\t\t\t\t\t\t\t\t<img fetchpriority=\"high\" decoding=\"async\" width=\"421\" height=\"421\" src=\"https:\/\/herojimostara.ba\/wp-content\/uploads\/2023\/10\/logo-centar-za-mir.jpg\" class=\"attachment-large size-large wp-image-2684\" alt=\"\" \/>\t\t\t\t\t\t\t\t\t\t\t\t\t\t\t<\/div>\n\t\t\t\t<\/div>\n\t\t\t\t\t<\/div>\n\t\t<\/div>\n\t\t\t\t<div class=\"elementor-column elementor-col-66 elementor-top-column elementor-element elementor-element-ad0b84a\" data-id=\"ad0b84a\" data-element_type=\"column\" data-e-type=\"column\">\n\t\t\t<div class=\"elementor-widget-wrap elementor-element-populated\">\n\t\t\t\t\t\t<div class=\"elementor-element elementor-element-192a491 elementor-widget elementor-widget-text-editor\" data-id=\"192a491\" data-element_type=\"widget\" data-e-type=\"widget\" data-widget_type=\"text-editor.default\">\n\t\t\t\t<div class=\"elementor-widget-container\">\n\t\t\t\t\t\t\t\t\t<div class=\"gmail_default\"><strong>Centar za mir i multietni\u010dku saradnju<\/strong> je nevladina organizacija koja se pored drugih aktivnosti, od 2001. godine bavi i sakupljanjem arhivskog fotografskog i video materijala iz proteklog rata i poslijeratnog perioda do danas.<\/div><div class=\"gmail_default\"><strong>Arhiv Centra za mir<\/strong> ima sakupljenu ogromnu historijsku gra\u0111u, skoro pet stotina hiljada dokumenta, desetine hiljada sati video materijala kao i hiljade ekskluzivnih fotografija, bogatu biblioteku knjiga izdatih nakon rata i najvi\u0161e na temu ratnih doga\u0111aja.<\/div><div class=\"gmail_default\">Sva arhivska gra\u0111a je ostavljena u vakuf biblioteci Karad\u017eozbegove\u00a0 medrese u Mostaru, sa ciljem da je budu\u0107e generacije mogu koristiti za nau\u010dne i druge radove koje obra\u0111uju to te\u0161ko razdoblje.\u00a0<\/div>\t\t\t\t\t\t\t\t<\/div>\n\t\t\t\t<\/div>\n\t\t\t\t\t<\/div>\n\t\t<\/div>\n\t\t\t\t\t<\/div>\n\t\t<\/section>\n\t\t\t\t<section class=\"elementor-section elementor-top-section elementor-element elementor-element-9a6075c elementor-section-boxed elementor-section-height-default elementor-section-height-default wpr-particle-no wpr-jarallax-no wpr-parallax-no wpr-sticky-section-no wpr-equal-height-no\" data-id=\"9a6075c\" data-element_type=\"section\" data-e-type=\"section\" data-settings=\"{&quot;_ha_eqh_enable&quot;:false}\">\n\t\t\t\t\t\t<div class=\"elementor-container elementor-column-gap-default\">\n\t\t\t\t\t<div class=\"elementor-column elementor-col-100 elementor-top-column elementor-element elementor-element-cf4137a\" data-id=\"cf4137a\" data-element_type=\"column\" data-e-type=\"column\">\n\t\t\t<div class=\"elementor-widget-wrap elementor-element-populated\">\n\t\t\t\t\t\t<div class=\"elementor-element elementor-element-5d7fbc5 elementor-widget elementor-widget-spacer\" data-id=\"5d7fbc5\" data-element_type=\"widget\" data-e-type=\"widget\" data-widget_type=\"spacer.default\">\n\t\t\t\t<div class=\"elementor-widget-container\">\n\t\t\t\t\t\t\t<div class=\"elementor-spacer\">\n\t\t\t<div class=\"elementor-spacer-inner\"><\/div>\n\t\t<\/div>\n\t\t\t\t\t\t<\/div>\n\t\t\t\t<\/div>\n\t\t\t\t\t<\/div>\n\t\t<\/div>\n\t\t\t\t\t<\/div>\n\t\t<\/section>\n\t\t\t\t<section class=\"elementor-section elementor-top-section elementor-element elementor-element-7aa6bee elementor-section-full_width elementor-section-height-default elementor-section-height-default wpr-particle-no wpr-jarallax-no wpr-parallax-no wpr-sticky-section-no wpr-equal-height-no\" data-id=\"7aa6bee\" data-element_type=\"section\" data-e-type=\"section\" data-settings=\"{&quot;background_background&quot;:&quot;classic&quot;}\">\n\t\t\t\t\t\t<div class=\"elementor-container elementor-column-gap-default\">\n\t\t\t\t\t<div class=\"elementor-column elementor-col-33 elementor-top-column elementor-element elementor-element-aa81c27\" data-id=\"aa81c27\" data-element_type=\"column\" data-e-type=\"column\">\n\t\t\t<div class=\"elementor-widget-wrap elementor-element-populated\">\n\t\t\t\t\t\t<div class=\"elementor-element elementor-element-cee0cb2 elementor-widget elementor-widget-image\" data-id=\"cee0cb2\" data-element_type=\"widget\" data-e-type=\"widget\" data-widget_type=\"image.default\">\n\t\t\t\t<div class=\"elementor-widget-container\">\n\t\t\t\t\t\t\t\t\t\t\t\t\t\t\t<img decoding=\"async\" width=\"146\" height=\"150\" src=\"https:\/\/herojimostara.ba\/wp-content\/uploads\/2023\/10\/tv-historija-logo-1.jpg\" class=\"attachment-thumbnail size-thumbnail wp-image-2699\" alt=\"\" \/>\t\t\t\t\t\t\t\t\t\t\t\t\t\t\t<\/div>\n\t\t\t\t<\/div>\n\t\t\t\t\t<\/div>\n\t\t<\/div>\n\t\t\t\t<div class=\"elementor-column elementor-col-66 elementor-top-column elementor-element elementor-element-f4933b1\" data-id=\"f4933b1\" data-element_type=\"column\" data-e-type=\"column\">\n\t\t\t<div class=\"elementor-widget-wrap elementor-element-populated\">\n\t\t\t\t\t\t<div class=\"elementor-element elementor-element-1a66fff elementor-widget__width-inherit elementor-widget elementor-widget-text-editor\" data-id=\"1a66fff\" data-element_type=\"widget\" data-e-type=\"widget\" data-widget_type=\"text-editor.default\">\n\t\t\t\t<div class=\"elementor-widget-container\">\n\t\t\t\t\t\t\t\t\t<p>Centar za mir je tako\u0111e osniva\u010d i prvog tematskog <strong>TV kanala pod nazivom Historija.tv<\/strong>. Historija.tv se bavi sakupljanjem originalnih snimaka i razgovora sa neposrednim doga\u0111ajima iz rata, produkcijom raznih historijskih serijala, a najva\u017eniji od njih je TV kalendar &#8211; Na dana\u0161nji dan, koji u televizijskom formatu bilje\u017ei svaki dan u godini i podsje\u0107a na najva\u017enije vijesti iz svijeta, regije i BiH, sa posebnim osvrtom na rat 1992 &#8211; 1995.Nudimo popularne \u017eenske ogrlice kao \u0161to su privjesci, ogrlice i <a href=\"https:\/\/www.high-endrolex.com\/\">chain necklace<\/a>. Kupujte nakit od raznih metala i dragog kamenja za svaku priliku<\/p>\t\t\t\t\t\t\t\t<\/div>\n\t\t\t\t<\/div>\n\t\t\t\t\t<\/div>\n\t\t<\/div>\n\t\t\t\t\t<\/div>\n\t\t<\/section>\n\t\t\t\t<section class=\"elementor-section elementor-top-section elementor-element elementor-element-7b78e37 elementor-section-boxed elementor-section-height-default elementor-section-height-default wpr-particle-no wpr-jarallax-no wpr-parallax-no wpr-sticky-section-no wpr-equal-height-no\" data-id=\"7b78e37\" data-element_type=\"section\" data-e-type=\"section\" data-settings=\"{&quot;_ha_eqh_enable&quot;:false}\">\n\t\t\t\t\t\t<div class=\"elementor-container elementor-column-gap-default\">\n\t\t\t\t\t<div class=\"elementor-column elementor-col-100 elementor-top-column elementor-element elementor-element-51470e0\" data-id=\"51470e0\" data-element_type=\"column\" data-e-type=\"column\">\n\t\t\t<div class=\"elementor-widget-wrap elementor-element-populated\">\n\t\t\t\t\t\t<div class=\"elementor-element elementor-element-03dc025 elementor-widget elementor-widget-spacer\" data-id=\"03dc025\" data-element_type=\"widget\" data-e-type=\"widget\" data-widget_type=\"spacer.default\">\n\t\t\t\t<div class=\"elementor-widget-container\">\n\t\t\t\t\t\t\t<div class=\"elementor-spacer\">\n\t\t\t<div class=\"elementor-spacer-inner\"><\/div>\n\t\t<\/div>\n\t\t\t\t\t\t<\/div>\n\t\t\t\t<\/div>\n\t\t\t\t\t<\/div>\n\t\t<\/div>\n\t\t\t\t\t<\/div>\n\t\t<\/section>\n\t\t\t\t<section class=\"elementor-section elementor-top-section elementor-element elementor-element-fd02c74 elementor-section-full_width elementor-section-height-default elementor-section-height-default wpr-particle-no wpr-jarallax-no wpr-parallax-no wpr-sticky-section-no wpr-equal-height-no\" data-id=\"fd02c74\" data-element_type=\"section\" data-e-type=\"section\" data-settings=\"{&quot;background_background&quot;:&quot;classic&quot;}\">\n\t\t\t\t\t\t<div class=\"elementor-container elementor-column-gap-default\">\n\t\t\t\t\t<div class=\"elementor-column elementor-col-33 elementor-top-column elementor-element elementor-element-ef1d96b\" data-id=\"ef1d96b\" data-element_type=\"column\" data-e-type=\"column\">\n\t\t\t<div class=\"elementor-widget-wrap elementor-element-populated\">\n\t\t\t\t\t\t<div class=\"elementor-element elementor-element-9537ff0 elementor-widget elementor-widget-image\" data-id=\"9537ff0\" data-element_type=\"widget\" data-e-type=\"widget\" data-widget_type=\"image.default\">\n\t\t\t\t<div class=\"elementor-widget-container\">\n\t\t\t\t\t\t\t\t\t\t\t\t\t\t\t<img decoding=\"async\" width=\"150\" height=\"63\" src=\"https:\/\/herojimostara.ba\/wp-content\/uploads\/2023\/10\/3m-logo.jpg\" class=\"attachment-thumbnail size-thumbnail wp-image-2707\" alt=\"\" \/>\t\t\t\t\t\t\t\t\t\t\t\t\t\t\t<\/div>\n\t\t\t\t<\/div>\n\t\t\t\t\t<\/div>\n\t\t<\/div>\n\t\t\t\t<div class=\"elementor-column elementor-col-66 elementor-top-column elementor-element elementor-element-c560e17\" data-id=\"c560e17\" data-element_type=\"column\" data-e-type=\"column\">\n\t\t\t<div class=\"elementor-widget-wrap elementor-element-populated\">\n\t\t\t\t\t\t<div class=\"elementor-element elementor-element-2cac22f elementor-widget__width-inherit elementor-widget elementor-widget-text-editor\" data-id=\"2cac22f\" data-element_type=\"widget\" data-e-type=\"widget\" data-widget_type=\"text-editor.default\">\n\t\t\t\t<div class=\"elementor-widget-container\">\n\t\t\t\t\t\t\t\t\t<p>Centar za mir je formirao organizaciju\u00a0<span style=\"font-weight: bolder;\">Mostar &#8211;\u00a0\u00a0Memorijal i Muzej<\/span>\u00a0sa ciljevima:<\/p><ul><li>da se bavi izdava\u010dkom djelatnosti i koja je izdava\u010d dva izdanja knjige Heroji Mostara, a u zavr\u0161noj fazi je knjiga Rat i mir u Mostaru, Mostar &#8211; Opasan model, Stari most &#8211; spomenik mira, Monografija Mostarske brigade i druga djela.<\/li><li>Memorijal i Muzej pokre\u0107e historijsku stranicu sa svim dostupnim ratnim dokumentima, izvje\u0161tajima, fotografijama, tekstovima iz medija na temu Mostara i Hercegovine.<\/li><li>Mostar Muzej i Memorijal \u0107e afirmisati sve publikacije koje tretiraju ratno vrijeme u Mostaru i Hercegovini.\u00a0<\/li><\/ul>\t\t\t\t\t\t\t\t<\/div>\n\t\t\t\t<\/div>\n\t\t\t\t\t<\/div>\n\t\t<\/div>\n\t\t\t\t\t<\/div>\n\t\t<\/section>\n\t\t\t\t<section class=\"elementor-section elementor-top-section elementor-element elementor-element-3562245 elementor-section-boxed elementor-section-height-default elementor-section-height-default wpr-particle-no wpr-jarallax-no wpr-parallax-no wpr-sticky-section-no wpr-equal-height-no\" data-id=\"3562245\" data-element_type=\"section\" data-e-type=\"section\" data-settings=\"{&quot;background_background&quot;:&quot;classic&quot;,&quot;_ha_eqh_enable&quot;:false}\">\n\t\t\t\t\t\t<div class=\"elementor-container elementor-column-gap-default\">\n\t\t\t\t\t<div class=\"elementor-column elementor-col-100 elementor-top-column elementor-element elementor-element-67de72a\" data-id=\"67de72a\" data-element_type=\"column\" data-e-type=\"column\">\n\t\t\t<div class=\"elementor-widget-wrap elementor-element-populated\">\n\t\t\t\t\t\t<div class=\"elementor-element elementor-element-430ac26 elementor-widget elementor-widget-ha-link-hover happy-addon ha-link-hover\" data-id=\"430ac26\" data-element_type=\"widget\" data-e-type=\"widget\" data-widget_type=\"ha-link-hover.default\">\n\t\t\t\t<div class=\"elementor-widget-container\">\n\t\t\t\t\t        <link-hover class=\"ha_content__item\">\n            <a href=\"https:\/\/centarzamir.org.ba\/\" class=\"ha-link ha-link--carme\"  target=\"_blank\"  rel=\"nofollow\">\n                <span>Posjeti  web stranicu centra za mir<\/span>\n                <svg class=\"ha_link__graphic ha_link__graphic--stroke ha_link__graphic--scribble\" width=\"100%\" height=\"9\" viewBox=\"0 0 101 9\"><path d=\"M.426 1.973C4.144 1.567 17.77-.514 21.443 1.48 24.296 3.026 24.844 4.627 27.5 7c3.075 2.748 6.642-4.141 10.066-4.688 7.517-1.2 13.237 5.425 17.59 2.745C58.5 3 60.464-1.786 66 2c1.996 1.365 3.174 3.737 5.286 4.41 5.423 1.727 25.34-7.981 29.14-1.294\" pathLength=\"1\"\/><\/svg>\n            <\/a>\n        <\/link-hover>\t\t\t\t<\/div>\n\t\t\t\t<\/div>\n\t\t\t\t\t<\/div>\n\t\t<\/div>\n\t\t\t\t\t<\/div>\n\t\t<\/section>\n\t\t\t\t<\/div>\n\t\t","protected":false},"excerpt":{"rendered":"<p>Ko smo mi? Centar za mir i multietni\u010dku saradnju je nevladina organizacija koja se pored drugih aktivnosti, od 2001. godine bavi i sakupljanjem arhivskog fotografskog i video materijala iz proteklog rata i poslijeratnog perioda do danas.Arhiv Centra za mir ima sakupljenu ogromnu historijsku gra\u0111u, skoro pet stotina hiljada dokumenta, desetine hiljada sati video materijala kao i hiljade ekskluzivnih fotografija, bogatu biblioteku knjiga izdatih nakon rata i najvi\u0161e na temu ratnih doga\u0111aja.Sva arhivska gra\u0111a je ostavljena u vakuf biblioteci Karad\u017eozbegove\u00a0 medrese u Mostaru, sa ciljem da je budu\u0107e generacije mogu koristiti za nau\u010dne i druge radove koje obra\u0111uju to te\u0161ko razdoblje.\u00a0 Centar za mir je tako\u0111e osniva\u010d i prvog tematskog TV kanala pod nazivom Historija.tv. Historija.tv se bavi sakupljanjem originalnih snimaka i razgovora sa neposrednim doga\u0111ajima iz rata, produkcijom raznih historijskih serijala, a najva\u017eniji od njih je TV kalendar &#8211; Na dana\u0161nji dan, koji u televizijskom formatu bilje\u017ei svaki dan u godini i podsje\u0107a na najva\u017enije vijesti iz svijeta, regije i BiH, sa posebnim osvrtom na rat 1992 &#8211; 1995.Nudimo popularne \u017eenske ogrlice kao \u0161to su privjesci, ogrlice i chain necklace. Kupujte nakit od raznih metala i dragog kamenja za svaku priliku Centar za mir je formirao organizaciju\u00a0Mostar &#8211;\u00a0\u00a0Memorijal i Muzej\u00a0sa ciljevima: da se bavi izdava\u010dkom djelatnosti i koja je izdava\u010d dva izdanja knjige Heroji Mostara, a u zavr\u0161noj fazi je knjiga Rat i mir u Mostaru, Mostar &#8211; Opasan model, Stari most &#8211; spomenik mira, Monografija Mostarske brigade i druga djela. Memorijal i Muzej pokre\u0107e historijsku stranicu sa svim dostupnim ratnim dokumentima, izvje\u0161tajima, fotografijama, tekstovima iz medija na temu Mostara i Hercegovine. Mostar Muzej i Memorijal \u0107e afirmisati sve publikacije koje tretiraju ratno vrijeme u Mostaru i Hercegovini.\u00a0 Posjeti web stranicu centra za mir<\/p>\n","protected":false},"author":4,"featured_media":0,"parent":0,"menu_order":0,"comment_status":"closed","ping_status":"closed","template":"","meta":{"footnotes":""},"class_list":["post-2098","page","type-page","status-publish","hentry"],"aioseo_notices":[],"_links":{"self":[{"href":"https:\/\/herojimostara.ba\/index.php?rest_route=\/wp\/v2\/pages\/2098","targetHints":{"allow":["GET"]}}],"collection":[{"href":"https:\/\/herojimostara.ba\/index.php?rest_route=\/wp\/v2\/pages"}],"about":[{"href":"https:\/\/herojimostara.ba\/index.php?rest_route=\/wp\/v2\/types\/page"}],"author":[{"embeddable":true,"href":"https:\/\/herojimostara.ba\/index.php?rest_route=\/wp\/v2\/users\/4"}],"replies":[{"embeddable":true,"href":"https:\/\/herojimostara.ba\/index.php?rest_route=%2Fwp%2Fv2%2Fcomments&post=2098"}],"version-history":[{"count":124,"href":"https:\/\/herojimostara.ba\/index.php?rest_route=\/wp\/v2\/pages\/2098\/revisions"}],"predecessor-version":[{"id":3565,"href":"https:\/\/herojimostara.ba\/index.php?rest_route=\/wp\/v2\/pages\/2098\/revisions\/3565"}],"wp:attachment":[{"href":"https:\/\/herojimostara.ba\/index.php?rest_route=%2Fwp%2Fv2%2Fmedia&parent=2098"}],"curies":[{"name":"wp","href":"https:\/\/api.w.org\/{rel}","templated":true}]}}